{"id":3534,"date":"2024-03-20T13:21:33","date_gmt":"2024-03-20T13:21:33","guid":{"rendered":"https:\/\/k9goldlabel.com\/datenschutzbestimmungen\/"},"modified":"2024-07-17T08:18:20","modified_gmt":"2024-07-17T08:18:20","slug":"datenschutzbestimmungen","status":"publish","type":"page","link":"https:\/\/k9goldlabel.com\/de\/datenschutzbestimmungen\/","title":{"rendered":"Datenschutzbestimmungen"},"content":{"rendered":"\t\t<div data-elementor-type=\"wp-page\" data-elementor-id=\"3534\" class=\"elementor elementor-3534 elementor-2023\" data-elementor-post-type=\"page\">\n\t\t\t\t<div class=\"elementor-element elementor-element-ed5342b e-flex e-con-boxed e-con e-parent\" data-id=\"ed5342b\" data-element_type=\"container\" data-e-type=\"container\" data-settings=\"{&quot;background_background&quot;:&quot;classic&quot;,&quot;shape_divider_bottom&quot;:&quot;curve&quot;,&quot;shape_divider_bottom_negative&quot;:&quot;yes&quot;}\">\n\t\t\t\t\t<div class=\"e-con-inner\">\n\t\t\t\t<div class=\"elementor-shape elementor-shape-bottom\" aria-hidden=\"true\" data-negative=\"true\">\n\t\t\t<svg xmlns=\"http:\/\/www.w3.org\/2000\/svg\" viewBox=\"0 0 1000 100\" preserveAspectRatio=\"none\">\n\t<path class=\"elementor-shape-fill\" d=\"M500,97C126.7,96.3,0.8,19.8,0,0v100l1000,0V1C1000,19.4,873.3,97.8,500,97z\"\/>\n<\/svg>\t\t<\/div>\n\t\t<div class=\"elementor-element elementor-element-0c73a23 e-con-full e-flex e-con e-child\" data-id=\"0c73a23\" data-element_type=\"container\" data-e-type=\"container\">\n\t\t\t\t<\/div>\n\t\t\t\t\t<\/div>\n\t\t\t\t<\/div>\n\t\t<div class=\"elementor-element elementor-element-2486658 e-flex e-con-boxed e-con e-parent\" data-id=\"2486658\" data-element_type=\"container\" data-e-type=\"container\">\n\t\t\t\t\t<div class=\"e-con-inner\">\n\t\t\t\t<div class=\"elementor-element elementor-element-2e08b7e elementor-widget elementor-widget-text-editor\" data-id=\"2e08b7e\" data-element_type=\"widget\" data-e-type=\"widget\" data-widget_type=\"text-editor.default\">\n\t\t\t\t<div class=\"elementor-widget-container\">\n\t\t\t\t\t\t\t\t\t<h1>Datenschutzbestimmungen<\/h1>\n\t\t\t\t\t\t\t\t<\/div>\n\t\t\t\t<\/div>\n\t\t\t\t\t<\/div>\n\t\t\t\t<\/div>\n\t\t<div class=\"elementor-element elementor-element-6acb6d5 e-flex e-con-boxed e-con e-parent\" data-id=\"6acb6d5\" data-element_type=\"container\" data-e-type=\"container\">\n\t\t\t\t\t<div class=\"e-con-inner\">\n\t\t\t\t<div class=\"elementor-element elementor-element-027a51b elementor-widget elementor-widget-text-editor\" data-id=\"027a51b\" data-element_type=\"widget\" data-e-type=\"widget\" data-widget_type=\"text-editor.default\">\n\t\t\t\t<div class=\"elementor-widget-container\">\n\t\t\t\t\t\t\t\t\t<div class=\"ec-page-body\">\n<h2>\u00dcber unsere Datenschutzrichtlinie<\/h2>\n<p>k9instinct.eu legt gro\u00dfen Wert auf Ihre Privatsph\u00e4re. Wir verarbeiten daher nur Daten, die wir f\u00fcr die (Verbesserung) unserer Dienste ben\u00f6tigen, und behandeln die Informationen, die wir \u00fcber Sie und Ihre Nutzung unserer Dienste gesammelt haben, mit Sorgfalt. Wir geben Ihre Daten niemals zu kommerziellen Zwecken an Dritte weiter. Diese Datenschutzrichtlinie gilt f\u00fcr die Nutzung der Website und der darauf abrufbaren Dienste von k9instinct.eu. Der Stichtag f\u00fcr die G\u00fcltigkeit dieser Bedingungen ist der 03\/01\/2022, mit der Ver\u00f6ffentlichung einer neuen Version erlischt die G\u00fcltigkeit aller vorherigen Versionen. Diese Datenschutzrichtlinie beschreibt, welche Daten \u00fcber Sie von uns erfasst werden, wof\u00fcr diese Daten verwendet werden und mit wem und unter welchen Bedingungen diese Daten gegebenenfalls an Dritte weitergegeben werden k\u00f6nnen. Wir erkl\u00e4ren Ihnen auch, wie wir Ihre Daten speichern und wie wir Ihre Daten vor Missbrauch sch\u00fctzen, und welche Rechte Sie in Bezug auf die pers\u00f6nlichen Daten haben, die Sie uns zur Verf\u00fcgung stellen. Wenn Sie Fragen zu unseren Datenschutzbestimmungen haben, wenden Sie sich bitte an unseren Ansprechpartner f\u00fcr den Datenschutz. Die Kontaktdaten finden Sie am Ende unserer Datenschutzbestimmungen.<\/p>\n<h2>\u00dcber Datenverarbeitung<\/h2>\n<p>Im Folgenden k\u00f6nnen Sie nachlesen, wie wir Ihre Daten verarbeiten, wo wir sie speichern (oder speichern lassen), welche Sicherheitstechniken wir verwenden und f\u00fcr wen die Daten einsehbar sind.<\/p>\n<h3><strong>Webshop-Software<\/strong><\/h3>\n<p><strong>Mijndomein<\/strong><\/p>\n<p>Unser Online-Shop wurde mit Software von mijndomein entwickelt. Pers\u00f6nliche Daten, die Sie uns f\u00fcr die Zwecke unserer Dienstleistungen zur Verf\u00fcgung stellen, werden mit dieser Partei geteilt. mydomain hat Zugriff auf Ihre Daten, um uns (technischen) Support zu leisten. mydomain wird Ihre Daten niemals f\u00fcr andere Zwecke verwenden. Aufgrund der Vereinbarung, die wir mit ihnen getroffen haben, ist mydomain verpflichtet, angemessene Sicherheitsma\u00dfnahmen zu ergreifen. mydomain verwendet Cookies, um technische Informationen im Zusammenhang mit Ihrer Nutzung der Software zu sammeln. Es werden keine pers\u00f6nlichen Daten gesammelt und\/oder gespeichert.<\/p>\n<p><strong>mydomain webmail<\/strong><\/p>\n<p>Wir nutzen die Dienste von mijndomein webmail f\u00fcr unseren regelm\u00e4\u00dfigen gesch\u00e4ftlichen E-Mail-Verkehr. Diese Partei hat angemessene technische und organisatorische Ma\u00dfnahmen getroffen, um Missbrauch, Verlust und Verf\u00e4lschung Ihrer und unserer Daten so weit wie m\u00f6glich zu verhindern. mydomain webmail hat keinen Zugriff auf unsere Mailbox und wir behandeln unseren gesamten E-Mail-Verkehr vertraulich.<\/p>\n<h3><strong>Zahlungsabwickler<\/strong><\/h3>\n<p><strong>Mollie<\/strong><\/p>\n<p>F\u00fcr die Abwicklung (eines Teils) der Zahlungen in unserem Online-Shop verwenden wir die Plattform von Mollie. Mollie verarbeitet Ihren Namen, Ihre Adresse und Ihren Wohnsitz sowie Ihre Zahlungsdaten wie Ihre Bankverbindung oder Kreditkartennummer. Mollie hat angemessene technische und organisatorische Ma\u00dfnahmen getroffen, um Ihre pers\u00f6nlichen Daten zu sch\u00fctzen. Mollie beh\u00e4lt sich das Recht vor, Ihre Daten zu nutzen, um den Service weiter zu verbessern und in diesem Rahmen (anonymisierte) Daten an Dritte weiterzugeben. Alle oben genannten Sicherheitsvorkehrungen zum Schutz Ihrer pers\u00f6nlichen Daten gelten auch f\u00fcr die Teile der Dienstleistungen von Mollie, f\u00fcr die Dritte beauftragt werden. Mollie wird Ihre Daten nicht l\u00e4nger aufbewahren, als es die gesetzlichen Fristen erlauben.<\/p>\n<h3><strong>Bewertungen<\/strong><\/h3>\n<p><strong>WebwinkelKeur<\/strong><\/p>\n<p>Wir sammeln Bewertungen \u00fcber die Plattform von WebwinkelKeur. Wenn Sie eine Bewertung \u00fcber WebwinkelKeur abgeben, m\u00fcssen Sie einen Namen und eine E-Mail-Adresse angeben. WebwinkelKeur teilt diese Daten mit uns, damit wir die Bewertung mit Ihrer Bestellung verkn\u00fcpfen k\u00f6nnen. WebwinkelKeur ver\u00f6ffentlicht Ihren Namen auch auf seiner eigenen Website. In einigen F\u00e4llen kann WebwinkelKeur Sie kontaktieren, um Ihre Bewertung zu kommentieren. Wenn wir Sie auffordern, eine Bewertung abzugeben, teilen wir Ihren Namen und Ihre E-Mail-Adresse mit WebwinkelKeur. Sie verwenden diese Daten nur zu dem Zweck, Sie einzuladen, eine Bewertung zu hinterlassen. WebwinkelKeur hat angemessene technische und organisatorische Ma\u00dfnahmen zum Schutz Ihrer pers\u00f6nlichen Daten getroffen. WebwinkelKeur beh\u00e4lt sich das Recht vor, Dritte mit der Erbringung von Dienstleistungen zu beauftragen, f\u00fcr die wir WebwinkelKeur eine Genehmigung erteilt haben. Alle oben genannten Garantien bez\u00fcglich des Schutzes Ihrer pers\u00f6nlichen Daten gelten auch f\u00fcr die Teile des Dienstes, f\u00fcr die WebwinkelKeur Dritte beauftragt.<\/p>\n<h3><strong>Versand und Logistik<\/strong><\/h3>\n<p><strong>PostNL<\/strong><\/p>\n<p>Wenn Sie eine Bestellung bei uns aufgeben, ist es unsere Aufgabe, Ihnen Ihr Paket zuzustellen. Wir nutzen die Dienste von PostNL f\u00fcr die Zustellung. Dazu m\u00fcssen wir Ihren Namen, Ihre Adresse und Ihren Wohnort an PostNL weitergeben. PostNL verwendet diese Daten ausschlie\u00dflich zum Zweck der Vertragserf\u00fcllung. F\u00fcr den Fall, dass PostNL Subunternehmer einsetzt, wird PostNL Ihre Daten auch diesen Parteien zur Verf\u00fcgung stellen.<\/p>\n<p><strong>DPD oder anderer Transporteur<\/strong><\/p>\n<p>Wenn Sie eine Bestellung bei uns aufgeben, ist es unsere Aufgabe, Ihnen Ihr Paket zuzustellen. Wir nutzen die Dienste von dpd oder einem anderen Spediteur, um die Lieferungen auszuf\u00fchren. Dies erfordert, dass wir Ihren Namen, Ihre Adresse und Ihren Wohnort an dpd oder ein anderes Transportunternehmen weitergeben. dpd oder ein anderes Transportunternehmen verwendet diese Daten nur zum Zweck der Ausf\u00fchrung des Vertrags. F\u00fcr den Fall, dass dpd oder ein anderes Transportunternehmen Subunternehmer einsetzt, wird dpd oder ein anderes Transportunternehmen Ihre Daten auch diesen Parteien zur Verf\u00fcgung stellen.<\/p>\n<h3><strong>Fakturierung und Buchhaltung<\/strong><\/h3>\n<p><strong>mydomain<\/strong><\/p>\n<p>Um unsere Aufzeichnungen und Konten zu f\u00fchren, nutzen wir die Dienste von mijndomein. Wir geben Ihren Namen, Ihre Adresse und Ihren Wohnort sowie Angaben zu Ihrer Bestellung weiter. Diese Daten werden zur Verwaltung von Verkaufsrechnungen verwendet. Ihre pers\u00f6nlichen Daten werden auf gesch\u00fctzte Weise \u00fcbermittelt und gespeichert. mydomain ist zur Verschwiegenheit verpflichtet und wird Ihre Daten vertraulich behandeln. mydomain verwendet Ihre pers\u00f6nlichen Daten nicht f\u00fcr andere als die oben beschriebenen Zwecke.<\/p>\n<h3><strong>Externe Vertriebskan\u00e4le<\/strong><\/h3>\n<p><strong>Bol.com<\/strong><\/p>\n<p>Wir verkaufen (einen Teil) unserer Artikel \u00fcber die Plattform von Bol.com. Wenn Sie eine Bestellung \u00fcber diese Plattform aufgeben, teilt Bol.com Ihre Bestellung und Ihre pers\u00f6nlichen Daten mit uns. Wir verwenden diese Daten, um Ihre Bestellung zu bearbeiten. Wir behandeln Ihre Daten vertraulich und haben angemessene technische und organisatorische Ma\u00dfnahmen getroffen, um Ihre Daten vor Verlust und unbefugter Nutzung zu sch\u00fctzen.<\/p>\n<h3><strong>Zweck der Datenverarbeitung<\/strong><\/h3>\n<p><strong>Allgemeiner Zweck der Verarbeitung<\/strong><\/p>\n<p>Wir verwenden Ihre Daten ausschlie\u00dflich f\u00fcr die Zwecke unserer Dienstleistungen. Das hei\u00dft, der Zweck der Verarbeitung steht immer in direktem Zusammenhang mit der von Ihnen gestellten Aufgabe. Wir verwenden Ihre Daten nicht f\u00fcr (gezieltes) Marketing. Wenn Sie uns Daten mitteilen und wir diese Daten verwenden, um Sie zu einem sp\u00e4teren Zeitpunkt zu kontaktieren &#8211; au\u00dfer auf Ihren Wunsch hin -, werden wir Sie um Ihre ausdr\u00fcckliche Zustimmung bitten. Ihre Daten werden nicht an Dritte weitergegeben, es sei denn, um buchhalterischen und anderen administrativen Verpflichtungen nachzukommen. Diese Dritten sind alle aufgrund einer Vereinbarung zwischen ihnen und uns oder aufgrund eines Eides oder einer gesetzlichen Verpflichtung zur Vertraulichkeit verpflichtet.<\/p>\n<p><strong>Automatisch erfasste Daten<\/strong><\/p>\n<p>Die von unserer Website automatisch erfassten Daten werden mit dem Ziel verarbeitet, unsere Dienstleistungen weiter zu verbessern. Diese Daten (z.B. Ihre IP-Adresse, Ihr Webbrowser und Ihr Betriebssystem) sind keine personenbezogenen Daten.<\/p>\n<p><strong>Zusammenarbeit bei Steuer- und Strafermittlungen<\/strong><\/p>\n<p>Gegebenenfalls kann k9instinct.eu gesetzlich verpflichtet sein, Ihre Daten im Zusammenhang mit staatlichen Steuer- oder Strafermittlungen weiterzugeben. In einem solchen Fall sind wir gezwungen, Ihre Daten weiterzugeben, aber wir werden uns im Rahmen der gesetzlichen M\u00f6glichkeiten dagegen wehren.<\/p>\n<p><strong>Aufbewahrungsfristen<\/strong><\/p>\n<p>Wir bewahren Ihre Daten so lange auf, wie Sie unser Kunde sind. Das bedeutet, dass wir Ihr Kundenprofil so lange aufbewahren, bis Sie angeben, dass Sie unsere Dienste nicht mehr nutzen m\u00f6chten. Wenn Sie uns darauf hinweisen, werden wir auch dies als Vergessensantrag werten. Aufgrund geltender verwaltungstechnischer Verpflichtungen m\u00fcssen wir Rechnungen, die Ihre (personenbezogenen) Daten enthalten, aufbewahren, so dass wir diese Daten so lange aufbewahren, wie die entsprechende Frist l\u00e4uft. Die Mitarbeiter haben jedoch keinen Zugriff mehr auf Ihr Kundenprofil und die Dokumente, die wir im Rahmen Ihres Auftrags erstellt haben.<\/p>\n<h3><strong>Ihre Rechte<\/strong><\/h3>\n<p>Nach geltendem niederl\u00e4ndischen und europ\u00e4ischen Recht haben Sie als betroffene Person bestimmte Rechte in Bezug auf personenbezogene Daten, die von uns oder in unserem Auftrag verarbeitet werden. Im Folgenden erkl\u00e4ren wir, was diese Rechte sind und wie Sie sie geltend machen k\u00f6nnen. Um Missbrauch vorzubeugen, senden wir Kopien und Abschriften Ihrer Daten grunds\u00e4tzlich nur an Ihre uns bereits bekannte E-Mail-Adresse. Falls Sie die Daten z.B. an eine andere E-Mail-Adresse oder per Post erhalten m\u00f6chten, werden wir Sie bitten, sich zu identifizieren. Wir f\u00fchren Aufzeichnungen \u00fcber abgeschlossene Anfragen, im Falle einer vergessenen Anfrage verwalten wir anonymisierte Daten. Sie erhalten alle Abschriften und Kopien der Daten in dem maschinenlesbaren Datenformat, das wir in unseren Systemen verwenden. Sie haben das Recht, sich jederzeit bei der Datenschutzbeh\u00f6rde zu beschweren, wenn Sie den Verdacht haben, dass wir Ihre personenbezogenen Daten in unangemessener Weise verwenden.<\/p>\n<p><strong>Recht auf Einsichtnahme<\/strong><\/p>\n<p>Sie haben jederzeit das Recht auf Einsicht in die Daten, die wir verarbeiten (oder verarbeitet haben) und die sich auf Ihre Person beziehen oder zu dieser zur\u00fcckverfolgt werden k\u00f6nnen. Sie k\u00f6nnen eine entsprechende Anfrage an unseren Ansprechpartner f\u00fcr Datenschutz stellen. Sie erhalten dann innerhalb von 30 Tagen eine Antwort auf Ihren Antrag. Wenn Ihrem Antrag stattgegeben wird, senden wir Ihnen an die uns bekannte E-Mail-Adresse eine Kopie aller Daten mit einer Liste der Verarbeiter, die \u00fcber diese Daten verf\u00fcgen, unter Angabe der Kategorie, unter der wir sie gespeichert haben.<\/p>\n<p><strong>Recht auf Berichtigung<\/strong><\/p>\n<p>Sie haben jederzeit das Recht, die Daten, die wir verarbeiten (oder haben verarbeiten lassen) und die sich auf Ihre Person beziehen oder zu Ihnen zur\u00fcckverfolgt werden k\u00f6nnen, \u00e4ndern zu lassen. Sie k\u00f6nnen eine entsprechende Anfrage an unseren Ansprechpartner f\u00fcr Datenschutz stellen. Sie erhalten dann innerhalb von 30 Tagen eine Antwort auf Ihren Antrag. Wenn Ihrem Antrag stattgegeben wird, senden wir Ihnen eine Best\u00e4tigung an die uns bekannte E-Mail-Adresse, dass die Daten aktualisiert wurden.<\/p>\n<p><strong>Recht auf Einschr\u00e4nkung der Verarbeitung<\/strong><\/p>\n<p>Sie haben immer das Recht, die Daten einzuschr\u00e4nken, die wir verarbeiten (oder verarbeiten lassen) und die sich auf Ihre Person beziehen oder zu ihr zur\u00fcckverfolgt werden k\u00f6nnen. Sie k\u00f6nnen eine entsprechende Anfrage an unseren Ansprechpartner f\u00fcr Datenschutz stellen. Sie erhalten dann innerhalb von 30 Tagen eine Antwort auf Ihren Antrag. Wenn Ihrem Antrag stattgegeben wird, senden wir Ihnen eine Best\u00e4tigung an die uns bekannte E-Mail-Adresse, dass die Daten nicht mehr verarbeitet werden, bis Sie die Einschr\u00e4nkung aufheben.<\/p>\n<p><strong>Recht auf \u00dcbertragbarkeit<\/strong><\/p>\n<p>Sie haben immer das Recht, dass die Daten, die wir verarbeiten (oder haben verarbeiten lassen), die sich auf Ihre Person beziehen oder von einer anderen Partei zu Ihnen zur\u00fcckverfolgt werden k\u00f6nnen. Sie k\u00f6nnen eine entsprechende Anfrage an unseren Ansprechpartner f\u00fcr Datenschutz stellen. Sie erhalten dann innerhalb von 30 Tagen eine Antwort auf Ihren Antrag. Wenn Ihrem Antrag stattgegeben wird, senden wir Ihnen an die uns bekannte E-Mail-Adresse Kopien oder Abschriften aller Daten \u00fcber Sie, die wir verarbeitet haben oder in unserem Auftrag von anderen Verarbeitern oder Dritten verarbeiten lassen. Aller Wahrscheinlichkeit nach k\u00f6nnen wir in einem solchen Fall unsere Dienste nicht mehr anbieten, da eine sichere Verkn\u00fcpfung der Dateien nicht mehr gew\u00e4hrleistet werden kann.<\/p>\n<p><strong>Widerspruchsrecht und andere Rechte<\/strong><\/p>\n<p>Sie haben das Recht, gegebenenfalls der Verarbeitung Ihrer personenbezogenen Daten durch oder im Namen von k9instinct.eu zu widersprechen. Wenn Sie Einspruch erheben, werden wir die Datenverarbeitung unverz\u00fcglich einstellen, bis Ihr Einspruch gekl\u00e4rt ist. Wenn Ihr Widerspruch begr\u00fcndet ist, werden wir Ihnen Kopien und\/oder Abschriften der Daten, die wir verarbeiten (oder verarbeitet haben), zur Verf\u00fcgung stellen und danach die Verarbeitung endg\u00fcltig einstellen. Sie haben auch das Recht, nicht einer automatisierten individuellen Entscheidungsfindung oder einem Profiling unterworfen zu werden. Wir verarbeiten Ihre Daten nicht in einer Weise, dass dieses Recht greift. Wenn Sie glauben, dass dies der Fall ist, wenden Sie sich bitte an unseren Datenschutzbeauftragten.<\/p>\n<h3><strong>Cookies<\/strong><\/h3>\n<p><strong>Google Analytics<\/strong><\/p>\n<p>Auf unserer Website werden im Rahmen des Dienstes &#8220;Analytics&#8221; Cookies von dem US-Unternehmen Google gesetzt. Wir verwenden diesen Dienst, um zu verfolgen und Berichte dar\u00fcber zu erhalten, wie Besucher die Website nutzen. Dieser Auftragsverarbeiter kann durch geltende Gesetze und Vorschriften dazu verpflichtet sein, Zugang zu diesen Daten zu gew\u00e4hren. Wir haben Google nicht gestattet, die erhaltenen Analysedaten f\u00fcr andere Google-Dienste zu verwenden.<\/p>\n<p><strong>Cookies von Dritten<\/strong><\/p>\n<p>Falls Softwarel\u00f6sungen von Drittanbietern Cookies verwenden, wird dies in dieser Datenschutzerkl\u00e4rung erw\u00e4hnt.<\/p>\n<h3><strong>\u00c4nderungen der Datenschutzbestimmungen<\/strong><\/h3>\n<p>Wir behalten uns das Recht vor, unsere Datenschutzbestimmungen jederzeit zu \u00e4ndern. Auf dieser Seite finden Sie jedoch immer die aktuellste Version. Wenn sich die neue Datenschutzrichtlinie auf die Art und Weise auswirkt, wie wir bereits \u00fcber Sie erfasste Daten verarbeiten, werden wir Sie per E-Mail benachrichtigen.<\/p>\n<p><strong>Kontaktangaben<\/strong><\/p>\n<p>k9instinct.eu<\/p>\n<p>Grootschoterweg 140<\/p>\n<p>6023AW Budel-Schoot Niederlande<\/p>\n<p>T 06 28494204<\/p>\n<p>E info@k9goldlabel.nl<\/p>\n<p><strong>Kontaktperson f\u00fcr Datenschutzfragen<\/strong><\/p>\n<p>walter stark<\/p>\n<\/div>\t\t\t\t\t\t\t\t<\/div>\n\t\t\t\t<\/div>\n\t\t\t\t<div class=\"elementor-element elementor-element-5f363c0 elementor-share-buttons--color-custom elementor-share-buttons--view-icon-text elementor-share-buttons--skin-gradient elementor-share-buttons--shape-square elementor-grid-0 elementor-widget elementor-widget-share-buttons\" data-id=\"5f363c0\" data-element_type=\"widget\" data-e-type=\"widget\" data-widget_type=\"share-buttons.default\">\n\t\t\t\t<div class=\"elementor-widget-container\">\n\t\t\t\t\t\t\t<div class=\"elementor-grid\" role=\"list\">\n\t\t\t\t\t\t\t\t<div class=\"elementor-grid-item\" role=\"listitem\">\n\t\t\t\t\t\t<div class=\"elementor-share-btn elementor-share-btn_email\" role=\"button\" tabindex=\"0\" aria-label=\"Teilen auf email\">\n\t\t\t\t\t\t\t\t\t\t\t\t\t\t\t<span class=\"elementor-share-btn__icon\">\n\t\t\t\t\t\t\t\t<svg aria-hidden=\"true\" class=\"e-font-icon-svg e-fas-envelope\" viewBox=\"0 0 512 512\" xmlns=\"http:\/\/www.w3.org\/2000\/svg\"><path d=\"M502.3 190.8c3.9-3.1 9.7-.2 9.7 4.7V400c0 26.5-21.5 48-48 48H48c-26.5 0-48-21.5-48-48V195.6c0-5 5.7-7.8 9.7-4.7 22.4 17.4 52.1 39.5 154.1 113.6 21.1 15.4 56.7 47.8 92.2 47.6 35.7.3 72-32.8 92.3-47.6 102-74.1 131.6-96.3 154-113.7zM256 320c23.2.4 56.6-29.2 73.4-41.4 132.7-96.3 142.8-104.7 173.4-128.7 5.8-4.5 9.2-11.5 9.2-18.9v-19c0-26.5-21.5-48-48-48H48C21.5 64 0 85.5 0 112v19c0 7.4 3.4 14.3 9.2 18.9 30.6 23.9 40.7 32.4 173.4 128.7 16.8 12.2 50.2 41.8 73.4 41.4z\"><\/path><\/svg>\t\t\t\t\t\t\t<\/span>\n\t\t\t\t\t\t\t\t\t\t\t\t\t\t\t\t\t\t\t\t\t\t<div class=\"elementor-share-btn__text\">\n\t\t\t\t\t\t\t\t\t\t\t\t\t\t\t\t\t\t\t<span class=\"elementor-share-btn__title\">\n\t\t\t\t\t\t\t\t\t\tEmail\t\t\t\t\t\t\t\t\t<\/span>\n\t\t\t\t\t\t\t\t\t\t\t\t\t\t\t\t\t<\/div>\n\t\t\t\t\t\t\t\t\t\t\t\t\t<\/div>\n\t\t\t\t\t<\/div>\n\t\t\t\t\t\t\t\t\t<div class=\"elementor-grid-item\" role=\"listitem\">\n\t\t\t\t\t\t<div class=\"elementor-share-btn elementor-share-btn_print\" role=\"button\" tabindex=\"0\" aria-label=\"Teilen auf print\">\n\t\t\t\t\t\t\t\t\t\t\t\t\t\t\t<span class=\"elementor-share-btn__icon\">\n\t\t\t\t\t\t\t\t<svg aria-hidden=\"true\" class=\"e-font-icon-svg e-fas-print\" viewBox=\"0 0 512 512\" xmlns=\"http:\/\/www.w3.org\/2000\/svg\"><path d=\"M448 192V77.25c0-8.49-3.37-16.62-9.37-22.63L393.37 9.37c-6-6-14.14-9.37-22.63-9.37H96C78.33 0 64 14.33 64 32v160c-35.35 0-64 28.65-64 64v112c0 8.84 7.16 16 16 16h48v96c0 17.67 14.33 32 32 32h320c17.67 0 32-14.33 32-32v-96h48c8.84 0 16-7.16 16-16V256c0-35.35-28.65-64-64-64zm-64 256H128v-96h256v96zm0-224H128V64h192v48c0 8.84 7.16 16 16 16h48v96zm48 72c-13.25 0-24-10.75-24-24 0-13.26 10.75-24 24-24s24 10.74 24 24c0 13.25-10.75 24-24 24z\"><\/path><\/svg>\t\t\t\t\t\t\t<\/span>\n\t\t\t\t\t\t\t\t\t\t\t\t\t\t\t\t\t\t\t\t\t\t<div class=\"elementor-share-btn__text\">\n\t\t\t\t\t\t\t\t\t\t\t\t\t\t\t\t\t\t\t<span class=\"elementor-share-btn__title\">\n\t\t\t\t\t\t\t\t\t\tPrint\t\t\t\t\t\t\t\t\t<\/span>\n\t\t\t\t\t\t\t\t\t\t\t\t\t\t\t\t\t<\/div>\n\t\t\t\t\t\t\t\t\t\t\t\t\t<\/div>\n\t\t\t\t\t<\/div>\n\t\t\t\t\t\t<\/div>\n\t\t\t\t\t\t<\/div>\n\t\t\t\t<\/div>\n\t\t\t\t\t<\/div>\n\t\t\t\t<\/div>\n\t\t\t\t<\/div>\n\t\t","protected":false},"excerpt":{"rendered":"<p>Datenschutzbestimmungen \u00dcber unsere Datenschutzrichtlinie k9instinct.eu legt gro\u00dfen Wert auf Ihre Privatsph\u00e4re. Wir verarbeiten daher nur Daten, die wir f\u00fcr die (Verbesserung) unserer Dienste ben\u00f6tigen, und behandeln die Informationen, die wir \u00fcber Sie und Ihre Nutzung unserer Dienste gesammelt haben, mit Sorgfalt. Wir geben Ihre Daten niemals zu kommerziellen Zwecken an Dritte weiter. Diese Datenschutzrichtlinie gilt [&hellip;]<\/p>\n","protected":false},"author":1,"featured_media":0,"parent":0,"menu_order":0,"comment_status":"closed","ping_status":"closed","template":"","meta":{"site-sidebar-layout":"no-sidebar","site-content-layout":"page-builder","ast-site-content-layout":"full-width-container","site-content-style":"unboxed","site-sidebar-style":"unboxed","ast-global-header-display":"","ast-banner-title-visibility":"","ast-main-header-display":"","ast-hfb-above-header-display":"","ast-hfb-below-header-display":"","ast-hfb-mobile-header-display":"","site-post-title":"disabled","ast-breadcrumbs-content":"","ast-featured-img":"disabled","footer-sml-layout":"","ast-disable-related-posts":"","theme-transparent-header-meta":"enabled","adv-header-id-meta":"","stick-header-meta":"","header-above-stick-meta":"","header-main-stick-meta":"","header-below-stick-meta":"","astra-migrate-meta-layouts":"default","ast-page-background-enabled":"default","ast-page-background-meta":{"desktop":{"background-color":"var(--ast-global-color-4)","background-image":"","background-repeat":"repeat","background-position":"center center","background-size":"auto","background-attachment":"scroll","background-type":"","background-media":"","overlay-type":"","overlay-color":"","overlay-opacity":"","overlay-gradient":""},"tablet":{"background-color":"","background-image":"","background-repeat":"repeat","background-position":"center center","background-size":"auto","background-attachment":"scroll","background-type":"","background-media":"","overlay-type":"","overlay-color":"","overlay-opacity":"","overlay-gradient":""},"mobile":{"background-color":"","background-image":"","background-repeat":"repeat","background-position":"center center","background-size":"auto","background-attachment":"scroll","background-type":"","background-media":"","overlay-type":"","overlay-color":"","overlay-opacity":"","overlay-gradient":""}},"ast-content-background-meta":{"desktop":{"background-color":"var(--ast-global-color-5)","background-image":"","background-repeat":"repeat","background-position":"center center","background-size":"auto","background-attachment":"scroll","background-type":"","background-media":"","overlay-type":"","overlay-color":"","overlay-opacity":"","overlay-gradient":""},"tablet":{"background-color":"var(--ast-global-color-5)","background-image":"","background-repeat":"repeat","background-position":"center center","background-size":"auto","background-attachment":"scroll","background-type":"","background-media":"","overlay-type":"","overlay-color":"","overlay-opacity":"","overlay-gradient":""},"mobile":{"background-color":"var(--ast-global-color-5)","background-image":"","background-repeat":"repeat","background-position":"center center","background-size":"auto","background-attachment":"scroll","background-type":"","background-media":"","overlay-type":"","overlay-color":"","overlay-opacity":"","overlay-gradient":""}},"footnotes":""},"class_list":["post-3534","page","type-page","status-publish","hentry"],"_links":{"self":[{"href":"https:\/\/k9goldlabel.com\/de\/wp-json\/wp\/v2\/pages\/3534","targetHints":{"allow":["GET"]}}],"collection":[{"href":"https:\/\/k9goldlabel.com\/de\/wp-json\/wp\/v2\/pages"}],"about":[{"href":"https:\/\/k9goldlabel.com\/de\/wp-json\/wp\/v2\/types\/page"}],"author":[{"embeddable":true,"href":"https:\/\/k9goldlabel.com\/de\/wp-json\/wp\/v2\/users\/1"}],"replies":[{"embeddable":true,"href":"https:\/\/k9goldlabel.com\/de\/wp-json\/wp\/v2\/comments?post=3534"}],"version-history":[{"count":0,"href":"https:\/\/k9goldlabel.com\/de\/wp-json\/wp\/v2\/pages\/3534\/revisions"}],"wp:attachment":[{"href":"https:\/\/k9goldlabel.com\/de\/wp-json\/wp\/v2\/media?parent=3534"}],"curies":[{"name":"wp","href":"https:\/\/api.w.org\/{rel}","templated":true}]}}