{"id":3581,"date":"2024-03-20T21:24:26","date_gmt":"2024-03-20T21:24:26","guid":{"rendered":"https:\/\/k9goldlabel.com\/product\/welpe-wachsen-vetri\/"},"modified":"2024-10-22T10:43:22","modified_gmt":"2024-10-22T10:43:22","slug":"welpe-wachsen-vetri","status":"publish","type":"product","link":"https:\/\/k9goldlabel.com\/de\/produkt\/welpe-wachsen-vetri\/","title":{"rendered":"Welpe wachsen vetri"},"content":{"rendered":"<h2><strong>Puppy GROW vetri: Optimieren Sie das Wachstum und die Entwicklung von jungen Hunden<\/strong><\/h2>\n<p>Puppy GROW Minerals + Probiotics ist ein komplettes Erg\u00e4nzungsfuttermittel f\u00fcr junge Hunde, das ihr Wachstum und ihre Entwicklung ab einem Alter von 6 Wochen bis zu einem Alter von ca. 16 Monaten, je nach Rasse, unterst\u00fctzt. Dieses leistungsstarke Erg\u00e4nzungsfuttermittel ist f\u00fcr alle Rassen geeignet und bietet eine breite Palette von Vorteilen f\u00fcr das Wohlbefinden Ihres heranwachsenden Welpen.<\/p>\n<h3><strong>Die Vorteile auf einen Blick:<\/strong><\/h3>\n<ul>\n<li><em>Ausgewogenes Wachstum und Entwicklung:<\/em> Unterst\u00fctzt das gesunde und ausgewogene Wachstum und die Entwicklung Ihres Welpen in der entscheidenden Wachstumsphase.<\/li>\n<li><em>Maximale Muskelentwicklung:<\/em> Hilft, starke und gesunde Muskeln f\u00fcr einen aktiven Lebensstil zu f\u00f6rdern.<\/li>\n<li><em>Gesundes und dichteres Fell:<\/em> F\u00f6rdert ein gl\u00e4nzendes und dichtes Fell, unterst\u00fctzt durch Omega-3- und Omega-6-Fetts\u00e4uren.<\/li>\n<li><em>Kr\u00e4ftigung von B\u00e4ndern, Sehnen und Muskeln:<\/em> Reduziert das Risiko von Verletzungen im sp\u00e4teren Leben, indem es die B\u00e4nder, Sehnen und Muskeln Ihres Welpen st\u00e4rkt.<\/li>\n<li><em>Gesunde Entwicklung der Gelenke:<\/em> Bietet das richtige Verh\u00e4ltnis von Glucosamin, Chondroitin und MSM zur Unterst\u00fctzung und Erhaltung der Gelenkgesundheit.<\/li>\n<li><em>Unterst\u00fctzt die Vitalit\u00e4t:<\/em> Angereichert mit essentiellen Vitaminen, Mineralien und Probiotika, die die allgemeine Gesundheit f\u00f6rdern, einschlie\u00dflich erh\u00f6hter Wachsamkeit, Widerstandskraft und schnellerer Erholung nach dem Training.<\/li>\n<\/ul>\n<p>Puppy GROW Minerals + Probiotics ist in einer praktischen 500-Gramm-Packung erh\u00e4ltlich.<\/p>\n<h3><strong>Zusammensetzung:<\/strong><\/h3>\n<ul>\n<li>Enth\u00e4lt eine ausgewogene Mischung hochwertiger Zutaten, darunter Kalziumkarbonat, Reismehl, Hefe, S\u00fc\u00dfmolkenprotein, Trikalziumphosphat, Mikrozellulose, getrocknete Algen, Gerstenmalz, Natriumkaseinat, Glucosamin, Methylsulfonylmethan (MSM), Chondroitinsulfat und mehr.<\/li>\n<\/ul>\n<h3><strong>Analytische Inhaltsstoffe:<\/strong><\/h3>\n<ul>\n<li>Rohprotein: 11%<\/li>\n<li>Rohes Fett: 1.5%<\/li>\n<li>Rohfaser: 3,5%<\/li>\n<li>Rohe Asche: 37%<\/li>\n<\/ul>\n<h3><strong>Dosierung pro Tag:<\/strong> Mischen Sie die angegebene Dosierung unter das t\u00e4gliche Futter Ihres Welpen:<\/h3>\n<ul>\n<li>&lt;F\u00fcr Welpen 10 kg: 2,5 ml<\/li>\n<li>F\u00fcr Welpen 10-20 kg: 5 ml<\/li>\n<li>F\u00fcr Welpen 20-50 kg: 10 ml<\/li>\n<li>&gt;F\u00fcr Welpen 50 kg: 15 ml (maximal)<\/li>\n<\/ul>\n<p>F\u00fcr eine genaue Dosierung ist ein Messl\u00f6ffel enthalten.<\/p>\n<p>Bewahren Sie Puppy GROW Minerals + Probiotics an einem k\u00fchlen, trockenen Ort und vor direktem Sonnenlicht gesch\u00fctzt auf. Bewahren Sie die Verpackung verschlossen auf, wenn Sie sie nicht benutzen und au\u00dferhalb der Reichweite von Kindern. Verwenden Sie keine anderen Pr\u00e4parate, die Vitamine und Spurenelemente enthalten, zus\u00e4tzlich zu diesem Pr\u00e4parat.<\/p>\n","protected":false},"excerpt":{"rendered":"<p>Puppy GROW Vetri ist ein komplettes Erg\u00e4nzungsfuttermittel f\u00fcr junge Hunde, das ihr Wachstum und ihre Entwicklung ab einem Alter von 6 Wochen bis zu einem Alter von etwa 16 Monaten unterst\u00fctzt, je nach Rasse.<\/p>\n<ul>\n<li><strong>Ausgewogenes Wachstum<\/strong>: Unterst\u00fctzt eine gesunde und ausgewogene Entwicklung w\u00e4hrend der Wachstumsphase.<\/li>\n<li><strong>Maximale Muskelentwicklung<\/strong>: F\u00f6rdert starke, gesunde Muskeln f\u00fcr einen aktiven Lebensstil.<\/li>\n<li><strong>Gesundes Fell<\/strong>: Sorgt f\u00fcr ein gl\u00e4nzendes, dichtes Fell dank der Omega-3- und Omega-6-Fetts\u00e4uren.<\/li>\n<li><strong>Gest\u00e4rkte B\u00e4nder und Sehnen<\/strong>: Reduziert das Verletzungsrisiko durch die St\u00e4rkung von Muskeln, B\u00e4ndern und Sehnen.<\/li>\n<li><strong>Gesunde Gelenke<\/strong>: Unterst\u00fctzt die Gelenke mit Glucosamin, Chondroitin und MSM.<\/li>\n<li><strong>Vitalit\u00e4tsschub<\/strong>: Essentielle Vitamine, Mineralien und Probiotika verbessern die allgemeine Gesundheit, die Wachsamkeit und die Erholung.<\/li>\n<\/ul>\n","protected":false},"featured_media":3176,"comment_status":"open","ping_status":"closed","template":"","meta":{"site-sidebar-layout":"default","site-content-layout":"","ast-site-content-layout":"default","site-content-style":"default","site-sidebar-style":"default","ast-global-header-display":"","ast-banner-title-visibility":"","ast-main-header-display":"","ast-hfb-above-header-display":"","ast-hfb-below-header-display":"","ast-hfb-mobile-header-display":"","site-post-title":"","ast-breadcrumbs-content":"","ast-featured-img":"","footer-sml-layout":"","ast-disable-related-posts":"","theme-transparent-header-meta":"default","adv-header-id-meta":"","stick-header-meta":"default","header-above-stick-meta":"","header-main-stick-meta":"","header-below-stick-meta":"","astra-migrate-meta-layouts":"default","ast-page-background-enabled":"default","ast-page-background-meta":{"desktop":{"background-color":"var(--ast-global-color-4)","background-image":"","background-repeat":"repeat","background-position":"center center","background-size":"auto","background-attachment":"scroll","background-type":"","background-media":"","overlay-type":"","overlay-color":"","overlay-opacity":"","overlay-gradient":""},"tablet":{"background-color":"","background-image":"","background-repeat":"repeat","background-position":"center center","background-size":"auto","background-attachment":"scroll","background-type":"","background-media":"","overlay-type":"","overlay-color":"","overlay-opacity":"","overlay-gradient":""},"mobile":{"background-color":"","background-image":"","background-repeat":"repeat","background-position":"center center","background-size":"auto","background-attachment":"scroll","background-type":"","background-media":"","overlay-type":"","overlay-color":"","overlay-opacity":"","overlay-gradient":""}},"ast-content-background-meta":{"desktop":{"background-color":"var(--ast-global-color-5)","background-image":"","background-repeat":"repeat","background-position":"center center","background-size":"auto","background-attachment":"scroll","background-type":"","background-media":"","overlay-type":"","overlay-color":"","overlay-opacity":"","overlay-gradient":""},"tablet":{"background-color":"var(--ast-global-color-5)","background-image":"","background-repeat":"repeat","background-position":"center center","background-size":"auto","background-attachment":"scroll","background-type":"","background-media":"","overlay-type":"","overlay-color":"","overlay-opacity":"","overlay-gradient":""},"mobile":{"background-color":"var(--ast-global-color-5)","background-image":"","background-repeat":"repeat","background-position":"center center","background-size":"auto","background-attachment":"scroll","background-type":"","background-media":"","overlay-type":"","overlay-color":"","overlay-opacity":"","overlay-gradient":""}}},"product_brand":[],"product_cat":[176,101,102,177],"product_tag":[124,186,122,126,187],"class_list":{"0":"post-3581","1":"product","2":"type-product","3":"status-publish","4":"has-post-thumbnail","6":"product_cat-gelenke-hunde","7":"product_cat-komplette-wellness-hunde","8":"product_cat-muskulose-hunde","9":"product_cat-rettungshunde","10":"product_tag-entwicklung-der-muskeln","11":"product_tag-erganzung-fur-welpen","12":"product_tag-gemeinsame-pflege","13":"product_tag-gesundes-fell","14":"product_tag-probiotika-fur-welpen","15":"desktop-align-left","16":"tablet-align-left","17":"mobile-align-left","18":"ast-product-gallery-layout-first-image-large","19":"ast-product-tabs-layout-horizontal","20":"ast-qv-on-image","22":"first","23":"instock","24":"taxable","25":"shipping-taxable","26":"purchasable","27":"product-type-simple"},"_links":{"self":[{"href":"https:\/\/k9goldlabel.com\/de\/wp-json\/wp\/v2\/product\/3581","targetHints":{"allow":["GET"]}}],"collection":[{"href":"https:\/\/k9goldlabel.com\/de\/wp-json\/wp\/v2\/product"}],"about":[{"href":"https:\/\/k9goldlabel.com\/de\/wp-json\/wp\/v2\/types\/product"}],"replies":[{"embeddable":true,"href":"https:\/\/k9goldlabel.com\/de\/wp-json\/wp\/v2\/comments?post=3581"}],"wp:featuredmedia":[{"embeddable":true,"href":"https:\/\/k9goldlabel.com\/de\/wp-json\/wp\/v2\/media\/3176"}],"wp:attachment":[{"href":"https:\/\/k9goldlabel.com\/de\/wp-json\/wp\/v2\/media?parent=3581"}],"wp:term":[{"taxonomy":"product_brand","embeddable":true,"href":"https:\/\/k9goldlabel.com\/de\/wp-json\/wp\/v2\/product_brand?post=3581"},{"taxonomy":"product_cat","embeddable":true,"href":"https:\/\/k9goldlabel.com\/de\/wp-json\/wp\/v2\/product_cat?post=3581"},{"taxonomy":"product_tag","embeddable":true,"href":"https:\/\/k9goldlabel.com\/de\/wp-json\/wp\/v2\/product_tag?post=3581"}],"curies":[{"name":"wp","href":"https:\/\/api.w.org\/{rel}","templated":true}]}}