{"id":3591,"date":"2024-03-20T15:40:44","date_gmt":"2024-03-20T15:40:44","guid":{"rendered":"https:\/\/k9goldlabel.com\/product\/muskelleistung-1000g\/"},"modified":"2026-01-21T22:41:27","modified_gmt":"2026-01-21T22:41:27","slug":"muskelleistung-1000g","status":"publish","type":"product","link":"https:\/\/k9goldlabel.com\/de\/produkt\/muskelleistung-1000g\/","title":{"rendered":"Muskelleistung 1000g"},"content":{"rendered":"<h2><strong>Muskelleistung: f\u00fcr optimales Wohlbefinden und Leistung<\/strong><\/h2>\n<p>Muscle Performance ist nicht nur ein weiteres Nahrungserg\u00e4nzungsmittel, sondern das umfassendste Produkt, das f\u00fcr alle Hunderassen erh\u00e4ltlich ist. Entwickelt f\u00fcr die t\u00e4gliche Anwendung, unterst\u00fctzt es nicht nur das allgemeine Wohlbefinden Ihres Haustieres, sondern f\u00f6rdert auch eine maximale Muskelentwicklung, ein gesundes und gl\u00e4nzendes Fell und st\u00e4rkt B\u00e4nder, Sehnen und Muskeln, wodurch das Verletzungsrisiko deutlich verringert wird.<\/p>\n<p>Unsere einzigartige Rezeptur enth\u00e4lt eine genau ausgewogene Mischung essentieller N\u00e4hrstoffe, darunter Glucosamin, Chondroitin und MSM f\u00fcr den Erhalt der Gelenke sowie eine breite Palette an Vitaminen und Mineralien zur Unterst\u00fctzung aller lebenswichtigen Teile Ihres Haustieres. Au\u00dferdem enth\u00e4lt es Probiotika f\u00fcr die Aufrechterhaltung der Darmflora, was zu erh\u00f6hter Wachsamkeit, Widerstandskraft und schnellerer Erholung nach dem Sport f\u00fchrt.<\/p>\n<p>Mit Muscle Performance werden Sie nicht nur eine Verbesserung der Fitness und Ausdauer Ihres Haustieres feststellen, sondern auch einen sp\u00fcrbaren Fortschritt in seiner Leistung, unabh\u00e4ngig von seiner Disziplin. Erh\u00e4ltlich in einer praktischen 500g-Packung, enth\u00e4lt jedes Erg\u00e4nzungsmittel einen Messl\u00f6ffel zur einfachen Dosierung.<\/p>\n<h3><strong>Die Vorteile auf einen Blick:<\/strong><\/h3>\n<ul>\n<li><em>Maximale Muskelentwicklung:<\/em> Unterst\u00fctzt den Aufbau starker und gesunder Muskeln, was zu einer verbesserten k\u00f6rperlichen Leistung und Kraft f\u00fchrt.<\/li>\n<li><em>Gesundes und dichteres Fell:<\/em> F\u00f6rdert ein gl\u00e4nzendes, dichtes Fell und gesundes Haar dank der zus\u00e4tzlichen Omega-3- und Omega-6-Fetts\u00e4uren.<\/li>\n<li><em>Kr\u00e4ftigung von B\u00e4ndern, Sehnen und Muskeln:<\/em> Verringert das Verletzungsrisiko durch die St\u00e4rkung der B\u00e4nder, Sehnen und Muskeln Ihres Hundes.<\/li>\n<li><em>Gelenkpflege:<\/em> Bietet das richtige Verh\u00e4ltnis von Glucosamin, Chondroitin und MSM, um die Gesundheit der Gelenke zu unterst\u00fctzen und die Mobilit\u00e4t zu f\u00f6rdern.<\/li>\n<li><em>Verbessertes allgemeines Wohlbefinden:<\/em> Angereichert mit essentiellen Vitaminen, Mineralien und Probiotika, die zu einer verbesserten allgemeinen Gesundheit beitragen, einschlie\u00dflich erh\u00f6hter Wachsamkeit, Widerstandskraft und schnellerer Erholung nach dem Sport.<\/li>\n<\/ul>\n<p>Muscle Performance ist f\u00fcr alle Hunderassen geeignet und kann in allen Disziplinen eingesetzt werden, ob f\u00fcr aktive Hunde, Arbeitshunde oder Haustiere.<\/p>\n<h3><strong>Zusammensetzung:<\/strong><\/h3>\n<ul>\n<li>Enth\u00e4lt eine ausgewogene Mischung aus hochwertigen Zutaten, darunter Kalziumkarbonat, Reismehl, Hefe, Molkenprotein, Monokalziumphosphat, Zellulose, getrocknete Algen, Gerstenmalz, Kalziumkaseinat, Glucosamin, Methylsulfonylmethan (MSM), Chondroitinsulfat und mehr.<\/li>\n<\/ul>\n<h3><strong>Analytische Inhaltsstoffe:<\/strong><\/h3>\n<ul>\n<li>Rohprotein: 11%<\/li>\n<li>Rohes Fett: 1.5%<\/li>\n<li>Rohfaser: 3,5%<\/li>\n<li>Rohe Asche: 37%<\/li>\n<\/ul>\n<h3><strong>Dosierung pro Tag:<\/strong><\/h3>\n<p>Mischen Sie die angegebene Dosis unter das t\u00e4gliche Futter Ihres Hundes:<\/p>\n<ul>\n<li>&lt;F\u00fcr Hunde 10 kg: 2,5 ml<\/li>\n<li>F\u00fcr Hunde 10-20 kg: 5 ml<\/li>\n<li>F\u00fcr Hunde 20-50 kg: 10 ml<\/li>\n<li>&gt;F\u00fcr Hunde 50 kg: 15 ml (maximal)<\/li>\n<\/ul>\n<p>F\u00fcr eine genaue Dosierung ist ein Messl\u00f6ffel enthalten.<\/p>\n<p>Bewahren Sie Muscle &amp; Performance an einem k\u00fchlen, trockenen Ort und vor direkter Sonneneinstrahlung gesch\u00fctzt auf. Bewahren Sie die Verpackung verschlossen auf, wenn Sie sie nicht benutzen und au\u00dferhalb der Reichweite von Kindern. Verwenden Sie keine anderen Pr\u00e4parate, die Vitamine und Spurenelemente enthalten, zus\u00e4tzlich zu diesem Pr\u00e4parat.<\/p>\n<h4>Wenn Sie noch mehr Hintergrundinformationen w\u00fcnschen, klicken Sie <strong><a href=\"https:\/\/k9goldlabel.com\/de\/muskelleistung\/?v=1a13105b7e4e\">HIER!<\/a><\/strong><\/h4>\n","protected":false},"excerpt":{"rendered":"<ul>\n<li><strong>Maximale Muskelentwicklung<\/strong>: F\u00f6rdert starke Muskeln f\u00fcr bessere k\u00f6rperliche Leistung und Kraft.<\/li>\n<li><strong>Gesundes Fell<\/strong>: Unterst\u00fctzt ein gl\u00e4nzendes, dichtes Fell dank der Omega-3- und Omega-6-Fetts\u00e4uren.<\/li>\n<li><strong>Gest\u00e4rkte B\u00e4nder und Sehnen<\/strong>: Reduziert das Verletzungsrisiko durch starke B\u00e4nder, Sehnen und Muskeln.<\/li>\n<li><strong>Gesundheitspflege f\u00fcr Gelenke<\/strong>: Unterst\u00fctzt die Gelenke und f\u00f6rdert die Beweglichkeit mit Glucosamin, Chondroitin und MSM.<\/li>\n<li><strong>Verbessertes Wohlbefinden<\/strong>: Essentielle Vitamine, Mineralien und Probiotika verbessern Wachsamkeit, Widerstandskraft und Erholung.<\/li>\n<\/ul>\n","protected":false},"featured_media":3236,"comment_status":"open","ping_status":"closed","template":"","meta":{"site-sidebar-layout":"default","site-content-layout":"","ast-site-content-layout":"default","site-content-style":"default","site-sidebar-style":"default","ast-global-header-display":"","ast-banner-title-visibility":"","ast-main-header-display":"","ast-hfb-above-header-display":"","ast-hfb-below-header-display":"","ast-hfb-mobile-header-display":"","site-post-title":"","ast-breadcrumbs-content":"","ast-featured-img":"","footer-sml-layout":"","ast-disable-related-posts":"","theme-transparent-header-meta":"default","adv-header-id-meta":"","stick-header-meta":"default","header-above-stick-meta":"","header-main-stick-meta":"","header-below-stick-meta":"","astra-migrate-meta-layouts":"set","ast-page-background-enabled":"default","ast-page-background-meta":{"desktop":{"background-color":"var(--ast-global-color-4)","background-image":"","background-repeat":"repeat","background-position":"center center","background-size":"auto","background-attachment":"scroll","background-type":"","background-media":"","overlay-type":"","overlay-color":"","overlay-opacity":"","overlay-gradient":""},"tablet":{"background-color":"","background-image":"","background-repeat":"repeat","background-position":"center center","background-size":"auto","background-attachment":"scroll","background-type":"","background-media":"","overlay-type":"","overlay-color":"","overlay-opacity":"","overlay-gradient":""},"mobile":{"background-color":"","background-image":"","background-repeat":"repeat","background-position":"center center","background-size":"auto","background-attachment":"scroll","background-type":"","background-media":"","overlay-type":"","overlay-color":"","overlay-opacity":"","overlay-gradient":""}},"ast-content-background-meta":{"desktop":{"background-color":"var(--ast-global-color-5)","background-image":"","background-repeat":"repeat","background-position":"center center","background-size":"auto","background-attachment":"scroll","background-type":"","background-media":"","overlay-type":"","overlay-color":"","overlay-opacity":"","overlay-gradient":""},"tablet":{"background-color":"var(--ast-global-color-5)","background-image":"","background-repeat":"repeat","background-position":"center center","background-size":"auto","background-attachment":"scroll","background-type":"","background-media":"","overlay-type":"","overlay-color":"","overlay-opacity":"","overlay-gradient":""},"mobile":{"background-color":"var(--ast-global-color-5)","background-image":"","background-repeat":"repeat","background-position":"center center","background-size":"auto","background-attachment":"scroll","background-type":"","background-media":"","overlay-type":"","overlay-color":"","overlay-opacity":"","overlay-gradient":""}}},"product_brand":[],"product_cat":[101,102,177],"product_tag":[124,122,126,131,129,127],"class_list":{"0":"post-3591","1":"product","2":"type-product","3":"status-publish","4":"has-post-thumbnail","6":"product_cat-komplette-wellness-hunde","7":"product_cat-muskulose-hunde","8":"product_cat-rettungshunde","9":"product_tag-entwicklung-der-muskeln","10":"product_tag-gemeinsame-pflege","11":"product_tag-gesundes-fell","12":"product_tag-msm-erganzung","13":"product_tag-omega-3-und-omega-6-fettsauren","14":"product_tag-vorbeugung-von-verletzungen","15":"desktop-align-left","16":"tablet-align-left","17":"mobile-align-left","18":"ast-product-gallery-layout-first-image-large","19":"ast-product-tabs-layout-horizontal","20":"ast-qv-on-image","22":"first","23":"instock","24":"taxable","25":"shipping-taxable","26":"purchasable","27":"product-type-simple"},"_links":{"self":[{"href":"https:\/\/k9goldlabel.com\/de\/wp-json\/wp\/v2\/product\/3591","targetHints":{"allow":["GET"]}}],"collection":[{"href":"https:\/\/k9goldlabel.com\/de\/wp-json\/wp\/v2\/product"}],"about":[{"href":"https:\/\/k9goldlabel.com\/de\/wp-json\/wp\/v2\/types\/product"}],"replies":[{"embeddable":true,"href":"https:\/\/k9goldlabel.com\/de\/wp-json\/wp\/v2\/comments?post=3591"}],"wp:featuredmedia":[{"embeddable":true,"href":"https:\/\/k9goldlabel.com\/de\/wp-json\/wp\/v2\/media\/3236"}],"wp:attachment":[{"href":"https:\/\/k9goldlabel.com\/de\/wp-json\/wp\/v2\/media?parent=3591"}],"wp:term":[{"taxonomy":"product_brand","embeddable":true,"href":"https:\/\/k9goldlabel.com\/de\/wp-json\/wp\/v2\/product_brand?post=3591"},{"taxonomy":"product_cat","embeddable":true,"href":"https:\/\/k9goldlabel.com\/de\/wp-json\/wp\/v2\/product_cat?post=3591"},{"taxonomy":"product_tag","embeddable":true,"href":"https:\/\/k9goldlabel.com\/de\/wp-json\/wp\/v2\/product_tag?post=3591"}],"curies":[{"name":"wp","href":"https:\/\/api.w.org\/{rel}","templated":true}]}}