{"id":4313,"date":"2024-10-10T12:23:47","date_gmt":"2024-10-10T12:23:47","guid":{"rendered":"https:\/\/k9goldlabel.com\/product\/islaendischer-seetang\/"},"modified":"2026-01-22T00:26:12","modified_gmt":"2026-01-22T00:26:12","slug":"islaendischer-seetang","status":"publish","type":"product","link":"https:\/\/k9goldlabel.com\/de\/produkt\/islaendischer-seetang\/","title":{"rendered":"Isl\u00e4ndischer Seetang"},"content":{"rendered":"<h3>Isl\u00e4ndischer Seetang &#8211; St\u00e4rkt die Verdauung und das Immunsystem Ihres Hundes<\/h3>\n<p>Isl\u00e4ndischer Seetang von K9 Gold Label ist ein Nahrungserg\u00e4nzungsmittel von h\u00f6chster Qualit\u00e4t, das die Verdauung, die Vitalit\u00e4t, die allgemeine Kondition und das Immunsystem Ihres Hundes unterst\u00fctzt. Es hat auch eine reinigende Wirkung und hilft, Zahnbelag und Zahnstein zu reduzieren. Als reichhaltige Quelle von gut absorbierbaren Mineralien, Spurenelementen und Aminos\u00e4uren bietet dieses Erg\u00e4nzungsfuttermittel vielseitige gesundheitliche Vorteile f\u00fcr Ihren Hund.  <\/p>\n<h3>Wie funktioniert das?<\/h3>\n<p>Dieser Seetang stammt aus den sauberen Gew\u00e4ssern um Island und wird mit traditionellen Methoden geerntet. Die getrocknete und grob zerkleinerte Clubweed (Ascophyllum nodosum) hat einen wunderbaren Duft und ist biologischen Ursprungs. Es enth\u00e4lt keinen Staub und wurde gr\u00fcndlich auf Schwermetalle und andere Verunreinigungen gepr\u00fcft, so dass es f\u00fcr den t\u00e4glichen Gebrauch sicher ist. Durch die grobe Zerkleinerung wird die Oxidation minimiert, was eine l\u00e4ngere Haltbarkeit und eine bessere Wirksamkeit als bei fein gemahlenen Sorten gew\u00e4hrleistet.   <\/p>\n<h3>Besondere Vorteile:<\/h3>\n<ul>\n<li><strong>Unterst\u00fctzung der Verdauung:<\/strong> Isl\u00e4ndischer Seetang tr\u00e4gt zu einer gesunden Verdauung bei und kann helfen, Magen-Darm-Probleme zu reduzieren.<\/li>\n<li><strong>Verbessert das Fell und die Pigmentierung:<\/strong> Meeresalgen wirken sich positiv auf das Fell Ihres Hundes aus und sorgen f\u00fcr ein gl\u00e4nzendes, gesundes Aussehen und eine intensivere Pigmentierung.<\/li>\n<li><strong>Zahnpflege:<\/strong> Dieses Erg\u00e4nzungsfuttermittel hilft bei der Reduzierung von Plaque und Zahnstein und tr\u00e4gt so zur Mundgesundheit Ihres Hundes bei.<\/li>\n<li><strong>F\u00f6rdert die Vitalit\u00e4t:<\/strong> Der Reichtum an Vitaminen, Mineralien und Spurenelementen unterst\u00fctzt die allgemeine Vitalit\u00e4t und st\u00e4rkt das Immunsystem.<\/li>\n<li><strong>Knochengesundheit:<\/strong> Seetang tr\u00e4gt zur Erhaltung starker Knochen bei und unterst\u00fctzt das Skelett Ihres Hundes.<\/li>\n<\/ul>\n<h3>Anweisungen zur Verwendung:<\/h3>\n<p>Isl\u00e4ndischer Seetang von K9 Gold Label kann ganz einfach der t\u00e4glichen Nahrung Ihres Hundes oder Ihrer Katze hinzugef\u00fcgt werden. Aufgrund seines hohen Jodgehalts wird empfohlen, den Seetang in Form von Kuren zu verabreichen, wobei zwischen den Kuren ein Monat Pause liegen sollte. Bitte beachten Sie, dass dieses Erg\u00e4nzungsmittel nicht f\u00fcr Tiere mit Schilddr\u00fcsenproblemen geeignet ist.  <\/p>\n<h3>T\u00e4gliche Dosierung:<\/h3>\n<ul>\n<li><strong> &lt; Hunde und Katzen 15 kg: <\/strong> 2,5 g<\/li>\n<li><strong>Hunde und Katzen 15-30 kg:<\/strong> 5 g<\/li>\n<li><strong> &gt; Hunde und Katzen 30 kg: <\/strong> 10 g<\/li>\n<\/ul>\n<p>Ein praktischer Messl\u00f6ffel ist in der Packung enthalten. F\u00fcr Tiere, die zu einer Verstopfung der Speiser\u00f6hre neigen, k\u00f6nnen die Algen in Wasser aufgel\u00f6st werden. <\/p>\n<h3>Qualit\u00e4t und Verpackung:<\/h3>\n<p>Nach dem \u00d6ffnen wird eine k\u00fchle und trockene Lagerung empfohlen. Isl\u00e4ndischer Seetang ist in einer haltbaren 400-Gramm-Packung verpackt und nach dem \u00d6ffnen 3 Monate lang haltbar. Mit Isl\u00e4ndischem Seetang von K9 Gold Label unterst\u00fctzen Sie die Gesundheit und das Wohlbefinden Ihres Hundes auf nat\u00fcrliche Weise, mit kraftvollen N\u00e4hrstoffen direkt aus dem Meer. <\/p>\n","protected":false},"excerpt":{"rendered":"<ul>\n<li><strong>Unterst\u00fctzung der Verdauung:<\/strong> Isl\u00e4ndischer Seetang f\u00f6rdert eine gesunde Verdauung und kann Magen-Darm-Probleme reduzieren.<\/li>\n<li><strong>Fell und Pigment:<\/strong> Meeresalgen sorgen f\u00fcr ein gl\u00e4nzendes Fell und verst\u00e4rken die Pigmentierung.<\/li>\n<li><strong>Zahnpflege:<\/strong> Hilft bei der Reduzierung von Plaque und Zahnstein f\u00fcr eine bessere Mundgesundheit.<\/li>\n<li><strong>Vitalit\u00e4t:<\/strong> Reich an Vitaminen und Mineralien, st\u00e4rkt das Immunsystem und f\u00f6rdert die Vitalit\u00e4t.<\/li>\n<li><strong>Knochengesundheit:<\/strong> Unterst\u00fctzt starke Knochen und tr\u00e4gt zu einem gesunden Skelett bei.<\/li>\n<\/ul>\n","protected":false},"featured_media":4256,"comment_status":"open","ping_status":"closed","template":"","meta":{"site-sidebar-layout":"default","site-content-layout":"","ast-site-content-layout":"default","site-content-style":"default","site-sidebar-style":"default","ast-global-header-display":"","ast-banner-title-visibility":"","ast-main-header-display":"","ast-hfb-above-header-display":"","ast-hfb-below-header-display":"","ast-hfb-mobile-header-display":"","site-post-title":"","ast-breadcrumbs-content":"","ast-featured-img":"","footer-sml-layout":"","ast-disable-related-posts":"","theme-transparent-header-meta":"default","adv-header-id-meta":"","stick-header-meta":"default","header-above-stick-meta":"","header-main-stick-meta":"","header-below-stick-meta":"","astra-migrate-meta-layouts":"default","ast-page-background-enabled":"default","ast-page-background-meta":{"desktop":{"background-color":"var(--ast-global-color-4)","background-image":"","background-repeat":"repeat","background-position":"center center","background-size":"auto","background-attachment":"scroll","background-type":"","background-media":"","overlay-type":"","overlay-color":"","overlay-opacity":"","overlay-gradient":""},"tablet":{"background-color":"","background-image":"","background-repeat":"repeat","background-position":"center center","background-size":"auto","background-attachment":"scroll","background-type":"","background-media":"","overlay-type":"","overlay-color":"","overlay-opacity":"","overlay-gradient":""},"mobile":{"background-color":"","background-image":"","background-repeat":"repeat","background-position":"center center","background-size":"auto","background-attachment":"scroll","background-type":"","background-media":"","overlay-type":"","overlay-color":"","overlay-opacity":"","overlay-gradient":""}},"ast-content-background-meta":{"desktop":{"background-color":"var(--ast-global-color-5)","background-image":"","background-repeat":"repeat","background-position":"center center","background-size":"auto","background-attachment":"scroll","background-type":"","background-media":"","overlay-type":"","overlay-color":"","overlay-opacity":"","overlay-gradient":""},"tablet":{"background-color":"var(--ast-global-color-5)","background-image":"","background-repeat":"repeat","background-position":"center center","background-size":"auto","background-attachment":"scroll","background-type":"","background-media":"","overlay-type":"","overlay-color":"","overlay-opacity":"","overlay-gradient":""},"mobile":{"background-color":"var(--ast-global-color-5)","background-image":"","background-repeat":"repeat","background-position":"center center","background-size":"auto","background-attachment":"scroll","background-type":"","background-media":"","overlay-type":"","overlay-color":"","overlay-opacity":"","overlay-gradient":""}}},"product_brand":[],"product_cat":[101,177],"product_tag":[270,272,269,271,268],"class_list":{"0":"post-4313","1":"product","2":"type-product","3":"status-publish","4":"has-post-thumbnail","6":"product_cat-komplette-wellness-hunde","7":"product_cat-rettungshunde","8":"product_tag-glanzender-mantel","9":"product_tag-pigmentierung-hunde","10":"product_tag-verdauung-hund","11":"product_tag-zahnbelag-hunde","12":"product_tag-zahnpflege-fur-hunde","13":"desktop-align-left","14":"tablet-align-left","15":"mobile-align-left","16":"ast-product-gallery-layout-first-image-large","17":"ast-product-tabs-layout-horizontal","18":"ast-qv-on-image","20":"first","21":"instock","22":"featured","23":"taxable","24":"shipping-taxable","25":"purchasable","26":"product-type-simple"},"_links":{"self":[{"href":"https:\/\/k9goldlabel.com\/de\/wp-json\/wp\/v2\/product\/4313","targetHints":{"allow":["GET"]}}],"collection":[{"href":"https:\/\/k9goldlabel.com\/de\/wp-json\/wp\/v2\/product"}],"about":[{"href":"https:\/\/k9goldlabel.com\/de\/wp-json\/wp\/v2\/types\/product"}],"replies":[{"embeddable":true,"href":"https:\/\/k9goldlabel.com\/de\/wp-json\/wp\/v2\/comments?post=4313"}],"wp:featuredmedia":[{"embeddable":true,"href":"https:\/\/k9goldlabel.com\/de\/wp-json\/wp\/v2\/media\/4256"}],"wp:attachment":[{"href":"https:\/\/k9goldlabel.com\/de\/wp-json\/wp\/v2\/media?parent=4313"}],"wp:term":[{"taxonomy":"product_brand","embeddable":true,"href":"https:\/\/k9goldlabel.com\/de\/wp-json\/wp\/v2\/product_brand?post=4313"},{"taxonomy":"product_cat","embeddable":true,"href":"https:\/\/k9goldlabel.com\/de\/wp-json\/wp\/v2\/product_cat?post=4313"},{"taxonomy":"product_tag","embeddable":true,"href":"https:\/\/k9goldlabel.com\/de\/wp-json\/wp\/v2\/product_tag?post=4313"}],"curies":[{"name":"wp","href":"https:\/\/api.w.org\/{rel}","templated":true}]}}