{"id":5292,"date":"2025-10-17T14:50:18","date_gmt":"2025-10-17T14:50:18","guid":{"rendered":"https:\/\/k9goldlabel.com\/product\/hanfoel\/"},"modified":"2025-10-17T14:50:18","modified_gmt":"2025-10-17T14:50:18","slug":"hanfoel","status":"publish","type":"product","link":"https:\/\/k9goldlabel.com\/de\/produkt\/hanfoel\/","title":{"rendered":"Hanf\u00f6l"},"content":{"rendered":"<h3 data-start=\"216\" data-end=\"281\">Hanf\u00f6l: Nat\u00fcrlich Unterst\u00fctzt Gesundheit &amp; Vitalit\u00e4t<\/h3>\n<p data-start=\"282\" data-end=\"603\">Hanf \u00d6l von K9 Gold Label ist ein reines, kaltgepresstes Nahrungserg\u00e4nzungsmittel das zum Wohlbefinden Ihres Hundes beitr\u00e4gt. Reichhaltig an essentiellen Fetts\u00e4uren unterst\u00fctzt es ein gl\u00e4nzendes Fell, gesunde Haut und geschmeidige Gelenke. Dar\u00fcber hinaus kann es helfen bei Stress und Angst und es das Immunsystem und die Verdauung unterst\u00fctzen.  <\/p>\n<h3 data-start=\"605\" data-end=\"637\">Vorteile von Hanf\u00f6l:<\/h3>\n<ul data-start=\"638\" data-end=\"1022\">\n<li data-start=\"638\" data-end=\"740\">\n<p data-start=\"640\" data-end=\"740\"><strong data-start=\"640\" data-end=\"674\">Gesunde Haut &amp; gl\u00e4nzendes Fell<\/strong>: Essentielle Fetts\u00e4uren f\u00f6rdern ein gl\u00e4nzendes und gesundes Fell.<\/p>\n<\/li>\n<li data-start=\"741\" data-end=\"823\">\n<p data-start=\"743\" data-end=\"823\"><strong data-start=\"743\" data-end=\"778\">Geschmeidige Gelenke &amp; Beweglichkeit<\/strong>: Hilft Hunden aktiv und beweglich zu bleiben und.<\/p>\n<\/li>\n<li data-start=\"824\" data-end=\"919\">\n<p data-start=\"826\" data-end=\"919\"><strong data-start=\"826\" data-end=\"858\">Beruhigend bei Stress &amp; Angst<\/strong>: F\u00f6rdert Entspannung in hektischen oder stressigen Situationen.<\/p>\n<\/li>\n<li data-start=\"920\" data-end=\"1022\">\n<p data-start=\"922\" data-end=\"1022\"><strong data-start=\"922\" data-end=\"968\">Unterst\u00fctzt die Verdauung &amp; das Immunsystem<\/strong>: Tr\u00e4gt bei zu einer gesunden Darmflora und Immunabwehr.<\/p>\n<\/li>\n<\/ul>\n<h3 data-start=\"1024\" data-end=\"1044\">Zusammensetzung:<\/h3>\n<ul data-start=\"1045\" data-end=\"1123\">\n<li data-start=\"1045\" data-end=\"1078\">\n<p data-start=\"1047\" data-end=\"1078\">100 % kaltgepresstes Hanf \u00d6l<\/p>\n<\/li>\n<li data-start=\"1079\" data-end=\"1123\">\n<p data-start=\"1081\" data-end=\"1123\">Vollst\u00e4ndig nat\u00fcrlich, ohne Zusatzstoffe<\/p>\n<\/li>\n<\/ul>\n<h3 data-start=\"1125\" data-end=\"1150\">Anweisungen zur Verwendung:<\/h3>\n<p data-start=\"1151\" data-end=\"1186\">T\u00e4glich hinzuf\u00fcgen zum Futter:<\/p>\n<ul data-start=\"1187\" data-end=\"1279\">\n<li data-start=\"1187\" data-end=\"1217\">\n<p data-start=\"1189\" data-end=\"1217\">&lt;10 kg: 2,5 ml (1x Pumpst\u00f6\u00dfe)<\/p>\n<\/li>\n<li data-start=\"1218\" data-end=\"1248\">\n<p data-start=\"1220\" data-end=\"1248\">10\u201325 kg: 5 ml (2x Pumpst\u00f6\u00dfe)<\/p>\n<\/li>\n<li data-start=\"1249\" data-end=\"1279\">\n<blockquote data-start=\"1251\" data-end=\"1279\">\n<p data-start=\"1252\" data-end=\"1279\">25 kg: 7,5 ml (3 Pumpst\u00f6\u00dfe)<\/p>\n<\/blockquote>\n<\/li>\n<\/ul>\n<h3 data-start=\"1281\" data-end=\"1300\">Aufbewahrungsempfehlung:<\/h3>\n<ul data-start=\"1301\" data-end=\"1370\">\n<li data-start=\"1301\" data-end=\"1341\">\n<p data-start=\"1303\" data-end=\"1341\">An einem k\u00fchlen, dunklen Ort aufbewahren<\/p>\n<\/li>\n<li data-start=\"1342\" data-end=\"1370\">\n<p data-start=\"1344\" data-end=\"1370\">Nach dem \u00d6ffnen gut verschlie\u00dfen<\/p>\n<\/li>\n<\/ul>\n<p data-start=\"1372\" data-end=\"1522\">Hanf \u00d6l von K9 Gold Label ist erh\u00e4ltlich in einer praktischen 500-ml-Verpackung, ideal f\u00fcr den t\u00e4glichen Gebrauch und a12&gt; einem nat\u00fcrlichen Boost f\u00fcr Ihren Hund.<\/p>\n","protected":false},"excerpt":{"rendered":"<ul>\n<li data-start=\"208\" data-end=\"312\">\n<p data-start=\"210\" data-end=\"312\"><strong data-start=\"210\" data-end=\"244\">Gesunde Haut &amp; gl\u00e4nzendes Fell<\/strong>: Essentielle Fetts\u00e4uren unterst\u00fctzen ein gl\u00e4nzendes und gesundes Fell.<\/p>\n<\/li>\n<li data-start=\"313\" data-end=\"395\">\n<p data-start=\"315\" data-end=\"395\"><strong data-start=\"315\" data-end=\"350\">Geschmeidige Gelenke &amp; Beweglichkeit<\/strong>: Hilft Hunden aktiv und beweglich zu bleiben und.<\/p>\n<\/li>\n<li data-start=\"396\" data-end=\"476\">\n<p data-start=\"398\" data-end=\"476\"><strong data-start=\"398\" data-end=\"430\">Beruhigend bei Stress &amp; Angst<\/strong>: F\u00f6rdert Entspannung in stressigen Situationen.<\/p>\n<\/li>\n<li data-start=\"477\" data-end=\"579\">\n<p data-start=\"479\" data-end=\"579\"><strong data-start=\"479\" data-end=\"525\">Unterst\u00fctzt die Verdauung &amp; das Immunsystem<\/strong>: Tr\u00e4gt bei zu einer gesunden Darmflora und Immunabwehr.<\/p>\n<\/li>\n<li data-start=\"580\" data-end=\"681\">\n<p data-start=\"582\" data-end=\"681\"><strong data-start=\"582\" data-end=\"619\">Einfach t\u00e4glich hinzuf\u00fcgen zu f\u00fcgen<\/strong>: Mischen Sie direkt durch das Futter, geeignet f\u00fcr alle Hundegr\u00f6\u00dfen.<\/p>\n<\/li>\n<\/ul>\n","protected":false},"featured_media":4830,"comment_status":"open","ping_status":"closed","template":"","meta":{"site-sidebar-layout":"default","site-content-layout":"","ast-site-content-layout":"default","site-content-style":"default","site-sidebar-style":"default","ast-global-header-display":"","ast-banner-title-visibility":"","ast-main-header-display":"","ast-hfb-above-header-display":"","ast-hfb-below-header-display":"","ast-hfb-mobile-header-display":"","site-post-title":"","ast-breadcrumbs-content":"","ast-featured-img":"","footer-sml-layout":"","ast-disable-related-posts":"","theme-transparent-header-meta":"default","adv-header-id-meta":"","stick-header-meta":"default","header-above-stick-meta":"","header-main-stick-meta":"","header-below-stick-meta":"","astra-migrate-meta-layouts":"default","ast-page-background-enabled":"default","ast-page-background-meta":{"desktop":{"background-color":"var(--ast-global-color-4)","background-image":"","background-repeat":"repeat","background-position":"center center","background-size":"auto","background-attachment":"scroll","background-type":"","background-media":"","overlay-type":"","overlay-color":"","overlay-opacity":"","overlay-gradient":""},"tablet":{"background-color":"","background-image":"","background-repeat":"repeat","background-position":"center center","background-size":"auto","background-attachment":"scroll","background-type":"","background-media":"","overlay-type":"","overlay-color":"","overlay-opacity":"","overlay-gradient":""},"mobile":{"background-color":"","background-image":"","background-repeat":"repeat","background-position":"center center","background-size":"auto","background-attachment":"scroll","background-type":"","background-media":"","overlay-type":"","overlay-color":"","overlay-opacity":"","overlay-gradient":""}},"ast-content-background-meta":{"desktop":{"background-color":"var(--ast-global-color-5)","background-image":"","background-repeat":"repeat","background-position":"center center","background-size":"auto","background-attachment":"scroll","background-type":"","background-media":"","overlay-type":"","overlay-color":"","overlay-opacity":"","overlay-gradient":""},"tablet":{"background-color":"var(--ast-global-color-5)","background-image":"","background-repeat":"repeat","background-position":"center center","background-size":"auto","background-attachment":"scroll","background-type":"","background-media":"","overlay-type":"","overlay-color":"","overlay-opacity":"","overlay-gradient":""},"mobile":{"background-color":"var(--ast-global-color-5)","background-image":"","background-repeat":"repeat","background-position":"center center","background-size":"auto","background-attachment":"scroll","background-type":"","background-media":"","overlay-type":"","overlay-color":"","overlay-opacity":"","overlay-gradient":""}}},"product_brand":[],"product_cat":[176,101,177],"product_tag":[270,272,269,271,268],"class_list":{"0":"post-5292","1":"product","2":"type-product","3":"status-publish","4":"has-post-thumbnail","6":"product_cat-gelenke-hunde","7":"product_cat-komplette-wellness-hunde","8":"product_cat-rettungshunde","9":"product_tag-glanzender-mantel","10":"product_tag-pigmentierung-hunde","11":"product_tag-verdauung-hund","12":"product_tag-zahnbelag-hunde","13":"product_tag-zahnpflege-fur-hunde","14":"desktop-align-left","15":"tablet-align-left","16":"mobile-align-left","17":"ast-product-gallery-layout-first-image-large","18":"ast-product-tabs-layout-horizontal","19":"ast-qv-on-image","21":"first","22":"instock","23":"featured","24":"taxable","25":"shipping-taxable","26":"purchasable","27":"product-type-simple"},"_links":{"self":[{"href":"https:\/\/k9goldlabel.com\/de\/wp-json\/wp\/v2\/product\/5292","targetHints":{"allow":["GET"]}}],"collection":[{"href":"https:\/\/k9goldlabel.com\/de\/wp-json\/wp\/v2\/product"}],"about":[{"href":"https:\/\/k9goldlabel.com\/de\/wp-json\/wp\/v2\/types\/product"}],"replies":[{"embeddable":true,"href":"https:\/\/k9goldlabel.com\/de\/wp-json\/wp\/v2\/comments?post=5292"}],"wp:featuredmedia":[{"embeddable":true,"href":"https:\/\/k9goldlabel.com\/de\/wp-json\/wp\/v2\/media\/4830"}],"wp:attachment":[{"href":"https:\/\/k9goldlabel.com\/de\/wp-json\/wp\/v2\/media?parent=5292"}],"wp:term":[{"taxonomy":"product_brand","embeddable":true,"href":"https:\/\/k9goldlabel.com\/de\/wp-json\/wp\/v2\/product_brand?post=5292"},{"taxonomy":"product_cat","embeddable":true,"href":"https:\/\/k9goldlabel.com\/de\/wp-json\/wp\/v2\/product_cat?post=5292"},{"taxonomy":"product_tag","embeddable":true,"href":"https:\/\/k9goldlabel.com\/de\/wp-json\/wp\/v2\/product_tag?post=5292"}],"curies":[{"name":"wp","href":"https:\/\/api.w.org\/{rel}","templated":true}]}}