{"id":3521,"date":"2024-03-20T13:21:33","date_gmt":"2024-03-20T13:21:33","guid":{"rendered":"https:\/\/k9goldlabel.com\/politica-de-privacidad\/"},"modified":"2024-07-17T08:18:19","modified_gmt":"2024-07-17T08:18:19","slug":"politica-de-privacidad","status":"publish","type":"page","link":"https:\/\/k9goldlabel.com\/es\/politica-de-privacidad\/","title":{"rendered":"Pol\u00edtica de privacidad"},"content":{"rendered":"\t\t<div data-elementor-type=\"wp-page\" data-elementor-id=\"3521\" class=\"elementor elementor-3521 elementor-2023\" data-elementor-post-type=\"page\">\n\t\t\t\t<div class=\"elementor-element elementor-element-ed5342b e-flex e-con-boxed e-con e-parent\" data-id=\"ed5342b\" data-element_type=\"container\" data-e-type=\"container\" data-settings=\"{&quot;background_background&quot;:&quot;classic&quot;,&quot;shape_divider_bottom&quot;:&quot;curve&quot;,&quot;shape_divider_bottom_negative&quot;:&quot;yes&quot;}\">\n\t\t\t\t\t<div class=\"e-con-inner\">\n\t\t\t\t<div class=\"elementor-shape elementor-shape-bottom\" aria-hidden=\"true\" data-negative=\"true\">\n\t\t\t<svg xmlns=\"http:\/\/www.w3.org\/2000\/svg\" viewBox=\"0 0 1000 100\" preserveAspectRatio=\"none\">\n\t<path class=\"elementor-shape-fill\" d=\"M500,97C126.7,96.3,0.8,19.8,0,0v100l1000,0V1C1000,19.4,873.3,97.8,500,97z\"\/>\n<\/svg>\t\t<\/div>\n\t\t<div class=\"elementor-element elementor-element-0c73a23 e-con-full e-flex e-con e-child\" data-id=\"0c73a23\" data-element_type=\"container\" data-e-type=\"container\">\n\t\t\t\t<\/div>\n\t\t\t\t\t<\/div>\n\t\t\t\t<\/div>\n\t\t<div class=\"elementor-element elementor-element-2486658 e-flex e-con-boxed e-con e-parent\" data-id=\"2486658\" data-element_type=\"container\" data-e-type=\"container\">\n\t\t\t\t\t<div class=\"e-con-inner\">\n\t\t\t\t<div class=\"elementor-element elementor-element-2e08b7e elementor-widget elementor-widget-text-editor\" data-id=\"2e08b7e\" data-element_type=\"widget\" data-e-type=\"widget\" data-widget_type=\"text-editor.default\">\n\t\t\t\t<div class=\"elementor-widget-container\">\n\t\t\t\t\t\t\t\t\t<h1>Pol\u00edtica de privacidad<\/h1>\n\t\t\t\t\t\t\t\t<\/div>\n\t\t\t\t<\/div>\n\t\t\t\t\t<\/div>\n\t\t\t\t<\/div>\n\t\t<div class=\"elementor-element elementor-element-6acb6d5 e-flex e-con-boxed e-con e-parent\" data-id=\"6acb6d5\" data-element_type=\"container\" data-e-type=\"container\">\n\t\t\t\t\t<div class=\"e-con-inner\">\n\t\t\t\t<div class=\"elementor-element elementor-element-027a51b elementor-widget elementor-widget-text-editor\" data-id=\"027a51b\" data-element_type=\"widget\" data-e-type=\"widget\" data-widget_type=\"text-editor.default\">\n\t\t\t\t<div class=\"elementor-widget-container\">\n\t\t\t\t\t\t\t\t\t<div class=\"ec-page-body\">\n<h2>Acerca de nuestra pol\u00edtica de privacidad<\/h2>\n<p>k9instinct.eu se preocupa profundamente por tu privacidad. Por tanto, s\u00f3lo procesamos los datos que necesitamos para (mejorar) nuestros servicios y tratamos con cuidado la informaci\u00f3n que hemos recopilado sobre ti y tu uso de nuestros servicios. Nunca ponemos tus datos a disposici\u00f3n de terceros con fines comerciales. Esta pol\u00edtica de privacidad se aplica al uso del sitio web y de los servicios a los que se accede en \u00e9l por parte de k9instinct.eu. La fecha efectiva de validez de estos t\u00e9rminos y condiciones es el 03\/01\/2022, con la publicaci\u00f3n de una nueva versi\u00f3n expira la validez de todas las versiones anteriores. Esta pol\u00edtica de privacidad describe qu\u00e9 datos sobre ti recopilamos, para qu\u00e9 los utilizamos y con qui\u00e9n y en qu\u00e9 condiciones, si las hubiera, podemos compartirlos con terceros. Tambi\u00e9n te explicamos c\u00f3mo almacenamos tus datos y c\u00f3mo los protegemos de un uso indebido, y qu\u00e9 derechos tienes en relaci\u00f3n con los datos personales que nos facilitas. Si tienes alguna pregunta sobre nuestra pol\u00edtica de privacidad, ponte en contacto con nuestro contacto de privacidad, encontrar\u00e1s los datos de contacto al final de nuestra pol\u00edtica de privacidad.<\/p>\n<h2>Acerca del tratamiento de datos<\/h2>\n<p>A continuaci\u00f3n puedes leer c\u00f3mo procesamos tus datos, d\u00f3nde los almacenamos (o hacemos que se almacenen), qu\u00e9 t\u00e9cnicas de seguridad utilizamos y a qui\u00e9n pueden consultarse.<\/p>\n<h3><strong>Software de tienda virtual<\/strong><\/h3>\n<p><strong>Mijndomein<\/strong><\/p>\n<p>Nuestra tienda online ha sido desarrollada con software de mijndomein. Los datos personales que pongas a nuestra disposici\u00f3n a efectos de nuestros servicios ser\u00e1n compartidos con esta parte. mydomain tiene acceso a tus datos para proporcionarnos asistencia (t\u00e9cnica), nunca utilizar\u00e1 tus datos para ning\u00fan otro fin. en base al acuerdo que tenemos con ellos, mydomain est\u00e1 obligado a tomar las medidas de seguridad adecuadas. mydomain utiliza cookies para recoger informaci\u00f3n t\u00e9cnica relacionada con tu uso del software, no se recogen y\/o almacenan datos personales.<\/p>\n<p><strong>midominio webmail<\/strong><\/p>\n<p>Utilizamos los servicios de mijndomein webmail para nuestro tr\u00e1fico habitual de correo electr\u00f3nico profesional. Esta parte ha adoptado las medidas t\u00e9cnicas y organizativas adecuadas para evitar en la medida de lo posible el abuso, la p\u00e9rdida y la corrupci\u00f3n de tus datos y de los nuestros. El webmail de midominio no tiene acceso a nuestro buz\u00f3n y tratamos todo nuestro tr\u00e1fico de correo electr\u00f3nico como confidencial.<\/p>\n<h3><strong>Procesadores de pagos<\/strong><\/h3>\n<p><strong>Mollie<\/strong><\/p>\n<p>Para gestionar (parte de) los pagos en nuestra tienda online, utilizamos la plataforma de Mollie. Mollie procesa tu nombre, direcci\u00f3n y lugar de residencia, as\u00ed como tus datos de pago, como tu cuenta bancaria o el n\u00famero de tu tarjeta de cr\u00e9dito. Mollie ha adoptado las medidas t\u00e9cnicas y organizativas apropiadas para proteger tus datos personales. Mollie se reserva el derecho de utilizar tus datos para seguir mejorando el servicio y, como parte de ello, compartir datos (anonimizados) con terceros. Todas las garant\u00edas anteriores relativas a la protecci\u00f3n de tus datos personales tambi\u00e9n se aplican a aquellas partes de los servicios de Mollie para los que contrata a terceros. Mollie no conservar\u00e1 tus datos durante m\u00e1s tiempo del permitido por los plazos legales.<\/p>\n<h3><strong>Comentarios<\/strong><\/h3>\n<p><strong>WebwinkelKeur<\/strong><\/p>\n<p>Recogemos opiniones a trav\u00e9s de la plataforma de WebwinkelKeur. Si dejas una opini\u00f3n a trav\u00e9s de WebwinkelKeur, deber\u00e1s proporcionar un nombre y una direcci\u00f3n de correo electr\u00f3nico. WebwinkelKeur comparte estos datos con nosotros para que podamos vincular la rese\u00f1a a tu pedido. WebwinkelKeur tambi\u00e9n publica tu nombre en su propio sitio web. En algunos casos, WebwinkelKeur puede ponerse en contacto contigo para comentar tu opini\u00f3n. En caso de que te invitemos a dejar una opini\u00f3n, compartiremos tu nombre y direcci\u00f3n de correo electr\u00f3nico con WebwinkelKeur. S\u00f3lo utilizan estos datos para invitarte a dejar una opini\u00f3n. WebwinkelKeur ha adoptado las medidas t\u00e9cnicas y organizativas adecuadas para proteger tus datos personales. WebwinkelKeur se reserva el derecho de contratar a terceros con el fin de prestar el servicio, para lo cual hemos dado permiso a WebwinkelKeur. Todas las garant\u00edas anteriores relativas a la protecci\u00f3n de tus datos personales tambi\u00e9n se aplican a aquellas partes del servicio para las que WebwinkelKeur contrata a terceros.<\/p>\n<h3><strong>Env\u00edos y log\u00edstica<\/strong><\/h3>\n<p><strong>PostNL<\/strong><\/p>\n<p>Cuando nos haces un pedido, nuestro trabajo consiste en entregarte el paquete. Utilizamos los servicios de PostNL para realizar las entregas. Esto requiere que compartamos tu nombre, direcci\u00f3n y lugar de residencia con PostNL. PostNL utiliza estos datos \u00fanicamente con el fin de ejecutar el acuerdo. En caso de que PostNL contrate a subcontratistas, PostNL tambi\u00e9n pondr\u00e1 tus datos a disposici\u00f3n de estas partes.<\/p>\n<p><strong>DPD u otro transportista<\/strong><\/p>\n<p>Cuando nos haces un pedido, nuestro trabajo consiste en entregarte el paquete. Utilizamos los servicios de dpd u otro transportista para realizar las entregas. Esto requiere que compartamos tus datos de nombre, direcci\u00f3n y lugar de residencia con el dpd u otro transportista. dpd u otro transportista utiliza estos datos \u00fanicamente con el fin de ejecutar el acuerdo. En caso de que dpd u otro transportista contrate a subcontratistas, dpd u otro transportista tambi\u00e9n pondr\u00e1 tus datos a disposici\u00f3n de estas partes.<\/p>\n<h3><strong>Facturaci\u00f3n y contabilidad<\/strong><\/h3>\n<p><strong>midominio<\/strong><\/p>\n<p>Para llevar nuestros registros y cuentas, utilizamos los servicios de mijndomein. Compartimos tu nombre, direcci\u00f3n y datos de residencia, as\u00ed como los datos relativos a tu pedido. Estos datos se utilizan para administrar las facturas de venta. Tus datos personales se transmiten y almacenan de forma protegida. mydomain est\u00e1 obligado al secreto y tratar\u00e1 tus datos confidencialmente. mydomain no utiliza tus datos personales para fines distintos de los descritos anteriormente.<\/p>\n<h3><strong>Canales de venta externos<\/strong><\/h3>\n<p><strong>Bol.com<\/strong><\/p>\n<p>Vendemos (algunos de) nuestros art\u00edculos a trav\u00e9s de la plataforma de Bol.com. Si realizas un pedido a trav\u00e9s de esta plataforma, Bol.com comparte tu pedido y tus datos personales con nosotros. Utilizamos estos datos para procesar tu pedido. Tratamos tus datos confidencialmente y disponemos de medidas t\u00e9cnicas y organizativas adecuadas para proteger tus datos de p\u00e9rdidas y usos no autorizados.<\/p>\n<h3><strong>Finalidad del tratamiento de datos<\/strong><\/h3>\n<p><strong>Finalidad general del tratamiento<\/strong><\/p>\n<p>Utilizamos tus datos exclusivamente a efectos de nuestros servicios. Es decir, la finalidad del tratamiento siempre est\u00e1 directamente relacionada con la tarea que realizas. No utilizamos tus datos para marketing (dirigido). Si compartes datos con nosotros y utilizamos estos datos para ponernos en contacto contigo -que no sea a petici\u00f3n tuya- en un momento posterior, te pediremos tu consentimiento expl\u00edcito. Tus datos no se compartir\u00e1n con terceros salvo para cumplir obligaciones contables y otras obligaciones administrativas. Todos estos terceros est\u00e1n obligados a la confidencialidad en virtud del acuerdo entre ellos y nosotros o de un juramento u obligaci\u00f3n legal.<\/p>\n<p><strong>Datos recogidos autom\u00e1ticamente<\/strong><\/p>\n<p>Los datos recogidos autom\u00e1ticamente por nuestro sitio web se procesan con el fin de seguir mejorando nuestros servicios. Estos datos (por ejemplo, tu direcci\u00f3n IP, navegador web y sistema operativo) no son datos personales.<\/p>\n<p><strong>Cooperaci\u00f3n en investigaciones fiscales y penales<\/strong><\/p>\n<p>Cuando proceda, k9instinct.eu puede estar obligado por ley a compartir tus datos en relaci\u00f3n con investigaciones fiscales o penales del gobierno. En tal caso, nos vemos obligados a compartir tus datos, pero nos opondremos a ello dentro de las posibilidades previstas por la ley.<\/p>\n<p><strong>Periodos de conservaci\u00f3n<\/strong><\/p>\n<p>Conservamos tus datos mientras seas nuestro cliente. Esto significa que conservamos tu perfil de cliente hasta que nos indiques que ya no deseas utilizar nuestros servicios. Si nos lo indicas, tambi\u00e9n lo tomaremos como una solicitud de olvido. En virtud de las obligaciones administrativas aplicables, debemos conservar las facturas que contengan tus datos (personales), por lo que conservaremos estos datos mientras dure el plazo aplicable. Sin embargo, los empleados ya no tienen acceso a tu perfil de cliente ni a los documentos que hayamos elaborado como resultado de tu encargo.<\/p>\n<h3><strong>Tus derechos<\/strong><\/h3>\n<p>En virtud de la legislaci\u00f3n holandesa y europea aplicable, t\u00fa, como interesado, tienes ciertos derechos en relaci\u00f3n con los datos personales procesados por nosotros o en nuestro nombre. A continuaci\u00f3n te explicamos cu\u00e1les son estos derechos y c\u00f3mo invocarlos. En principio, para evitar usos indebidos, s\u00f3lo enviamos extractos y copias de tus datos a tu direcci\u00f3n de correo electr\u00f3nico que ya conocemos. En caso de que desees recibir los datos en una direcci\u00f3n de correo electr\u00f3nico diferente o por correo postal, por ejemplo, te pediremos que te identifiques. Mantenemos registros de las solicitudes completadas; en caso de olvido de la solicitud, administramos datos anonimizados. Recibir\u00e1s todas las transcripciones y copias de los datos en el formato de datos legibles por m\u00e1quina que utilizamos en nuestros sistemas. Tienes derecho a reclamar ante la Autoridad de Datos Personales en cualquier momento si sospechas que estamos utilizando tus datos personales de forma inadecuada.<\/p>\n<p><strong>Derecho de inspecci\u00f3n<\/strong><\/p>\n<p>Siempre tienes derecho a inspeccionar los datos que procesamos (o hemos procesado) relacionados con tu persona o que pueden ser rastreados hasta ella. Puedes presentar una solicitud en este sentido a nuestro contacto de privacidad. Recibir\u00e1s una respuesta a tu solicitud en un plazo de 30 d\u00edas. Si se accede a tu solicitud, te enviaremos, a la direcci\u00f3n de correo electr\u00f3nico que conozcamos, una copia de todos los datos con una lista de los encargados del tratamiento que conservan estos datos, indicando la categor\u00eda en la que los hemos almacenado.<\/p>\n<p><strong>Derecho de rectificaci\u00f3n<\/strong><\/p>\n<p>Siempre tienes derecho a que se modifiquen los datos que procesamos (o hemos procesado) relacionados con tu persona o que se puedan rastrear hasta ti. Puedes presentar una solicitud en este sentido a nuestro contacto de privacidad. Recibir\u00e1s una respuesta a tu solicitud en un plazo de 30 d\u00edas. Si se acepta tu solicitud, te enviaremos una confirmaci\u00f3n a la direcci\u00f3n de correo electr\u00f3nico que conozcamos de que se han actualizado los datos.<\/p>\n<p><strong>Derecho a la limitaci\u00f3n del tratamiento<\/strong><\/p>\n<p>Siempre tienes derecho a limitar los datos que procesamos (o que hemos procesado) relacionados con tu persona o que pueden ser rastreados hasta ella. Puedes presentar una solicitud en este sentido a nuestro contacto de privacidad. Recibir\u00e1s una respuesta a tu solicitud en un plazo de 30 d\u00edas. Si se acepta tu solicitud, te enviaremos una confirmaci\u00f3n a la direcci\u00f3n de correo electr\u00f3nico que conozcamos de que los datos dejar\u00e1n de tratarse hasta que levantes la restricci\u00f3n.<\/p>\n<p><strong>Derecho de transmisibilidad<\/strong><\/p>\n<p>Siempre tienes derecho a que los datos que procesamos (o hemos procesado) relacionados con tu persona o que pueden ser rastreados hasta ti por otra parte. Puedes presentar una solicitud en este sentido a nuestro contacto de privacidad. Recibir\u00e1s una respuesta a tu solicitud en un plazo de 30 d\u00edas. Si se accede a tu solicitud, te enviaremos, a la direcci\u00f3n de correo electr\u00f3nico que conozcamos, copias o transcripciones de todos los datos sobre ti que hayamos procesado o que otros procesadores o terceros hayan procesado en nuestro nombre. Con toda probabilidad, en tal caso no podremos seguir prestando servicios, ya que no se puede garantizar la vinculaci\u00f3n segura de los archivos de datos.<\/p>\n<p><strong>Derecho de oposici\u00f3n y otros derechos<\/strong><\/p>\n<p>Tienes derecho a oponerte, en su caso, al tratamiento de tus datos personales por k9instinct.eu o en su nombre. Si te opones, interrumpiremos inmediatamente el tratamiento de los datos hasta que se resuelva tu oposici\u00f3n. Si tu objeci\u00f3n es fundada, pondremos a tu disposici\u00f3n copias y\/o ejemplares de los datos que procesamos (o hemos procesado) y, a partir de entonces, dejaremos de procesarlos permanentemente. Tambi\u00e9n tienes derecho a no ser sometido a una toma de decisiones individual automatizada o a la elaboraci\u00f3n de perfiles. No procesamos tus datos de forma que se aplique este derecho. Si crees que es as\u00ed, ponte en contacto con nuestro contacto de privacidad.<\/p>\n<h3><strong>Cookies<\/strong><\/h3>\n<p><strong>Google Analytics<\/strong><\/p>\n<p>A trav\u00e9s de nuestro sitio web, la empresa estadounidense Google instala cookies como parte del servicio &#8220;Analytics&#8221;. Utilizamos este servicio para rastrear y obtener informes sobre c\u00f3mo utilizan el sitio web los visitantes. Este procesador puede estar obligado por las leyes y reglamentos aplicables a proporcionar acceso a estos datos. No hemos permitido que Google utilice la informaci\u00f3n anal\u00edtica obtenida para otros servicios de Google.<\/p>\n<p><strong>Cookies de terceros<\/strong><\/p>\n<p>En caso de que soluciones de software de terceros utilicen cookies, esto se menciona en esta declaraci\u00f3n de privacidad.<\/p>\n<h3><strong>Cambios en la pol\u00edtica de privacidad<\/strong><\/h3>\n<p>Nos reservamos el derecho a cambiar nuestra pol\u00edtica de privacidad en cualquier momento. En esta p\u00e1gina, sin embargo, siempre encontrar\u00e1s la versi\u00f3n m\u00e1s reciente. Si la nueva pol\u00edtica de privacidad afecta a la forma en que procesamos los datos ya recogidos en relaci\u00f3n contigo, te lo notificaremos por correo electr\u00f3nico.<\/p>\n<p><strong>Datos de contacto<\/strong><\/p>\n<p>k9instinct.eu<\/p>\n<p>Grootschoterweg 140<\/p>\n<p>6023AW Budel-Schoot Pa\u00edses Bajos<\/p>\n<p>T 06 28494204<\/p>\n<p>E info@k9goldlabel.nl<\/p>\n<p><strong>Persona de contacto para asuntos de privacidad<\/strong><\/p>\n<p>walter strong<\/p>\n<\/div>\t\t\t\t\t\t\t\t<\/div>\n\t\t\t\t<\/div>\n\t\t\t\t<div class=\"elementor-element elementor-element-5f363c0 elementor-share-buttons--color-custom elementor-share-buttons--view-icon-text elementor-share-buttons--skin-gradient elementor-share-buttons--shape-square elementor-grid-0 elementor-widget elementor-widget-share-buttons\" data-id=\"5f363c0\" data-element_type=\"widget\" data-e-type=\"widget\" data-widget_type=\"share-buttons.default\">\n\t\t\t\t<div class=\"elementor-widget-container\">\n\t\t\t\t\t\t\t<div class=\"elementor-grid\" role=\"list\">\n\t\t\t\t\t\t\t\t<div class=\"elementor-grid-item\" role=\"listitem\">\n\t\t\t\t\t\t<div class=\"elementor-share-btn elementor-share-btn_email\" role=\"button\" tabindex=\"0\" aria-label=\"Compartir en email\">\n\t\t\t\t\t\t\t\t\t\t\t\t\t\t\t<span class=\"elementor-share-btn__icon\">\n\t\t\t\t\t\t\t\t<svg aria-hidden=\"true\" class=\"e-font-icon-svg e-fas-envelope\" viewBox=\"0 0 512 512\" xmlns=\"http:\/\/www.w3.org\/2000\/svg\"><path d=\"M502.3 190.8c3.9-3.1 9.7-.2 9.7 4.7V400c0 26.5-21.5 48-48 48H48c-26.5 0-48-21.5-48-48V195.6c0-5 5.7-7.8 9.7-4.7 22.4 17.4 52.1 39.5 154.1 113.6 21.1 15.4 56.7 47.8 92.2 47.6 35.7.3 72-32.8 92.3-47.6 102-74.1 131.6-96.3 154-113.7zM256 320c23.2.4 56.6-29.2 73.4-41.4 132.7-96.3 142.8-104.7 173.4-128.7 5.8-4.5 9.2-11.5 9.2-18.9v-19c0-26.5-21.5-48-48-48H48C21.5 64 0 85.5 0 112v19c0 7.4 3.4 14.3 9.2 18.9 30.6 23.9 40.7 32.4 173.4 128.7 16.8 12.2 50.2 41.8 73.4 41.4z\"><\/path><\/svg>\t\t\t\t\t\t\t<\/span>\n\t\t\t\t\t\t\t\t\t\t\t\t\t\t\t\t\t\t\t\t\t\t<div class=\"elementor-share-btn__text\">\n\t\t\t\t\t\t\t\t\t\t\t\t\t\t\t\t\t\t\t<span class=\"elementor-share-btn__title\">\n\t\t\t\t\t\t\t\t\t\tEmail\t\t\t\t\t\t\t\t\t<\/span>\n\t\t\t\t\t\t\t\t\t\t\t\t\t\t\t\t\t<\/div>\n\t\t\t\t\t\t\t\t\t\t\t\t\t<\/div>\n\t\t\t\t\t<\/div>\n\t\t\t\t\t\t\t\t\t<div class=\"elementor-grid-item\" role=\"listitem\">\n\t\t\t\t\t\t<div class=\"elementor-share-btn elementor-share-btn_print\" role=\"button\" tabindex=\"0\" aria-label=\"Compartir en print\">\n\t\t\t\t\t\t\t\t\t\t\t\t\t\t\t<span class=\"elementor-share-btn__icon\">\n\t\t\t\t\t\t\t\t<svg aria-hidden=\"true\" class=\"e-font-icon-svg e-fas-print\" viewBox=\"0 0 512 512\" xmlns=\"http:\/\/www.w3.org\/2000\/svg\"><path d=\"M448 192V77.25c0-8.49-3.37-16.62-9.37-22.63L393.37 9.37c-6-6-14.14-9.37-22.63-9.37H96C78.33 0 64 14.33 64 32v160c-35.35 0-64 28.65-64 64v112c0 8.84 7.16 16 16 16h48v96c0 17.67 14.33 32 32 32h320c17.67 0 32-14.33 32-32v-96h48c8.84 0 16-7.16 16-16V256c0-35.35-28.65-64-64-64zm-64 256H128v-96h256v96zm0-224H128V64h192v48c0 8.84 7.16 16 16 16h48v96zm48 72c-13.25 0-24-10.75-24-24 0-13.26 10.75-24 24-24s24 10.74 24 24c0 13.25-10.75 24-24 24z\"><\/path><\/svg>\t\t\t\t\t\t\t<\/span>\n\t\t\t\t\t\t\t\t\t\t\t\t\t\t\t\t\t\t\t\t\t\t<div class=\"elementor-share-btn__text\">\n\t\t\t\t\t\t\t\t\t\t\t\t\t\t\t\t\t\t\t<span class=\"elementor-share-btn__title\">\n\t\t\t\t\t\t\t\t\t\tPrint\t\t\t\t\t\t\t\t\t<\/span>\n\t\t\t\t\t\t\t\t\t\t\t\t\t\t\t\t\t<\/div>\n\t\t\t\t\t\t\t\t\t\t\t\t\t<\/div>\n\t\t\t\t\t<\/div>\n\t\t\t\t\t\t<\/div>\n\t\t\t\t\t\t<\/div>\n\t\t\t\t<\/div>\n\t\t\t\t\t<\/div>\n\t\t\t\t<\/div>\n\t\t\t\t<\/div>\n\t\t","protected":false},"excerpt":{"rendered":"<p>Pol\u00edtica de privacidad Acerca de nuestra pol\u00edtica de privacidad k9instinct.eu se preocupa profundamente por tu privacidad. Por tanto, s\u00f3lo procesamos los datos que necesitamos para (mejorar) nuestros servicios y tratamos con cuidado la informaci\u00f3n que hemos recopilado sobre ti y tu uso de nuestros servicios. Nunca ponemos tus datos a disposici\u00f3n de terceros con fines [&hellip;]<\/p>\n","protected":false},"author":1,"featured_media":0,"parent":0,"menu_order":0,"comment_status":"closed","ping_status":"closed","template":"","meta":{"site-sidebar-layout":"no-sidebar","site-content-layout":"page-builder","ast-site-content-layout":"full-width-container","site-content-style":"unboxed","site-sidebar-style":"unboxed","ast-global-header-display":"","ast-banner-title-visibility":"","ast-main-header-display":"","ast-hfb-above-header-display":"","ast-hfb-below-header-display":"","ast-hfb-mobile-header-display":"","site-post-title":"disabled","ast-breadcrumbs-content":"","ast-featured-img":"disabled","footer-sml-layout":"","ast-disable-related-posts":"","theme-transparent-header-meta":"enabled","adv-header-id-meta":"","stick-header-meta":"","header-above-stick-meta":"","header-main-stick-meta":"","header-below-stick-meta":"","astra-migrate-meta-layouts":"default","ast-page-background-enabled":"default","ast-page-background-meta":{"desktop":{"background-color":"var(--ast-global-color-4)","background-image":"","background-repeat":"repeat","background-position":"center center","background-size":"auto","background-attachment":"scroll","background-type":"","background-media":"","overlay-type":"","overlay-color":"","overlay-opacity":"","overlay-gradient":""},"tablet":{"background-color":"","background-image":"","background-repeat":"repeat","background-position":"center center","background-size":"auto","background-attachment":"scroll","background-type":"","background-media":"","overlay-type":"","overlay-color":"","overlay-opacity":"","overlay-gradient":""},"mobile":{"background-color":"","background-image":"","background-repeat":"repeat","background-position":"center center","background-size":"auto","background-attachment":"scroll","background-type":"","background-media":"","overlay-type":"","overlay-color":"","overlay-opacity":"","overlay-gradient":""}},"ast-content-background-meta":{"desktop":{"background-color":"var(--ast-global-color-5)","background-image":"","background-repeat":"repeat","background-position":"center center","background-size":"auto","background-attachment":"scroll","background-type":"","background-media":"","overlay-type":"","overlay-color":"","overlay-opacity":"","overlay-gradient":""},"tablet":{"background-color":"var(--ast-global-color-5)","background-image":"","background-repeat":"repeat","background-position":"center center","background-size":"auto","background-attachment":"scroll","background-type":"","background-media":"","overlay-type":"","overlay-color":"","overlay-opacity":"","overlay-gradient":""},"mobile":{"background-color":"var(--ast-global-color-5)","background-image":"","background-repeat":"repeat","background-position":"center center","background-size":"auto","background-attachment":"scroll","background-type":"","background-media":"","overlay-type":"","overlay-color":"","overlay-opacity":"","overlay-gradient":""}},"footnotes":""},"class_list":["post-3521","page","type-page","status-publish","hentry"],"_links":{"self":[{"href":"https:\/\/k9goldlabel.com\/es\/wp-json\/wp\/v2\/pages\/3521","targetHints":{"allow":["GET"]}}],"collection":[{"href":"https:\/\/k9goldlabel.com\/es\/wp-json\/wp\/v2\/pages"}],"about":[{"href":"https:\/\/k9goldlabel.com\/es\/wp-json\/wp\/v2\/types\/page"}],"author":[{"embeddable":true,"href":"https:\/\/k9goldlabel.com\/es\/wp-json\/wp\/v2\/users\/1"}],"replies":[{"embeddable":true,"href":"https:\/\/k9goldlabel.com\/es\/wp-json\/wp\/v2\/comments?post=3521"}],"version-history":[{"count":0,"href":"https:\/\/k9goldlabel.com\/es\/wp-json\/wp\/v2\/pages\/3521\/revisions"}],"wp:attachment":[{"href":"https:\/\/k9goldlabel.com\/es\/wp-json\/wp\/v2\/media?parent=3521"}],"curies":[{"name":"wp","href":"https:\/\/api.w.org\/{rel}","templated":true}]}}