{"id":3371,"date":"2024-03-20T14:49:56","date_gmt":"2024-03-20T14:49:56","guid":{"rendered":"https:\/\/k9goldlabel.com\/product\/articulaciones-flexibles\/"},"modified":"2026-01-22T00:26:08","modified_gmt":"2026-01-22T00:26:08","slug":"articulaciones-flexibles","status":"publish","type":"product","link":"https:\/\/k9goldlabel.com\/es\/producto\/articulaciones-flexibles\/","title":{"rendered":"Articulaciones flexibles"},"content":{"rendered":"<h2><strong>JUNTAS FLEXIBLES: para un movimiento suave y un confort \u00f3ptimo<\/strong><\/h2>\n<p>Flex Joints ofrece una f\u00f3rmula equilibrada para mejorar la movilidad de tu fiel compa\u00f1ero y reducir la inflamaci\u00f3n. Especialmente dise\u00f1ado para rehabilitar el cart\u00edlago da\u00f1ado y aliviar la artritis, este suplemento ofrece un enfoque hol\u00edstico para el mantenimiento y el bienestar de las articulaciones.<\/p>\n<h3><strong>Las ventajas de un vistazo:<\/strong><\/h3>\n<ul>\n<li><em>Antiinflamatorio:<\/em> Reduce la inflamaci\u00f3n y favorece el proceso de reparaci\u00f3n articular.<\/li>\n<li><em>Mejora de la movilidad:<\/em> Ayuda a recuperar la flexibilidad y la amplitud de movimiento, lo que se traduce en una mayor comodidad para tu querida mascota.<\/li>\n<li>Refuerza <em>el sistema inmunitario:<\/em> Refuerza el sistema inmunitario y ayuda a reducir las alergias, al tiempo que desintoxica eficazmente el organismo.<\/li>\n<li><em>Recuperaci\u00f3n del material gen\u00e9tico:<\/em> Favorece la reparaci\u00f3n del material gen\u00e9tico da\u00f1ado por toxinas o radiaciones para promover la regeneraci\u00f3n de c\u00e9lulas sanas.<\/li>\n<\/ul>\n<h3><strong>Ingredientes:<\/strong><\/h3>\n<p>Cada porci\u00f3n de 1000 mg contiene<\/p>\n<ul>\n<li>Sulfato de glucosamina: 350 mg<\/li>\n<li>Condroit\u00edn sulfato: 200 mg<\/li>\n<li>MSM: 300 mg<\/li>\n<li>Extracto de espirulina: 100 mg<\/li>\n<li>Enriquecido con vitamina E y magnesio<\/li>\n<\/ul>\n<h3><strong>Consejo sobre alergias:<\/strong><\/h3>\n<p>Contiene trazas de crust\u00e1ceos.<\/p>\n<h3><strong>Envasado:<\/strong><\/h3>\n<p>250 gramos<\/p>\n<h3><strong>Dosificaci\u00f3n:<\/strong><\/h3>\n<p>Utiliza la cuchara dosificadora suministrada:<\/p>\n<ul>\n<li>&lt;20 kg: 1\/2 cacito al d\u00eda<\/li>\n<li>20-40 kg: 1 cacito al d\u00eda<\/li>\n<li>40-60 kg: 1,5 cacitos al d\u00eda<\/li>\n<li>60+ kg: 2 cacitos al d\u00eda<\/li>\n<\/ul>\n","protected":false},"excerpt":{"rendered":"<ul>\n<li><strong>Antiinflamatorio<\/strong>: Reduce la inflamaci\u00f3n y favorece la recuperaci\u00f3n articular.<\/li>\n<li><strong>Movilidad mejorada<\/strong>: Restaura la flexibilidad y la amplitud de movimiento para una mayor comodidad.<\/li>\n<li><strong>Refuerza el sistema inmunitario<\/strong>: Refuerza el sistema inmunitario y reduce las alergias a la vez que desintoxica el organismo.<\/li>\n<li><strong>Reparaci\u00f3n del material gen\u00e9tico<\/strong>: Favorece la reparaci\u00f3n del material gen\u00e9tico da\u00f1ado para la regeneraci\u00f3n de c\u00e9lulas sanas.<\/li>\n<\/ul>\n","protected":false},"featured_media":3213,"comment_status":"open","ping_status":"closed","template":"","meta":{"site-sidebar-layout":"default","site-content-layout":"","ast-site-content-layout":"default","site-content-style":"default","site-sidebar-style":"default","ast-global-header-display":"","ast-banner-title-visibility":"","ast-main-header-display":"","ast-hfb-above-header-display":"","ast-hfb-below-header-display":"","ast-hfb-mobile-header-display":"","site-post-title":"","ast-breadcrumbs-content":"","ast-featured-img":"","footer-sml-layout":"","ast-disable-related-posts":"","theme-transparent-header-meta":"default","adv-header-id-meta":"","stick-header-meta":"default","header-above-stick-meta":"","header-main-stick-meta":"","header-below-stick-meta":"","astra-migrate-meta-layouts":"default","ast-page-background-enabled":"default","ast-page-background-meta":{"desktop":{"background-color":"var(--ast-global-color-4)","background-image":"","background-repeat":"repeat","background-position":"center center","background-size":"auto","background-attachment":"scroll","background-type":"","background-media":"","overlay-type":"","overlay-color":"","overlay-opacity":"","overlay-gradient":""},"tablet":{"background-color":"","background-image":"","background-repeat":"repeat","background-position":"center center","background-size":"auto","background-attachment":"scroll","background-type":"","background-media":"","overlay-type":"","overlay-color":"","overlay-opacity":"","overlay-gradient":""},"mobile":{"background-color":"","background-image":"","background-repeat":"repeat","background-position":"center center","background-size":"auto","background-attachment":"scroll","background-type":"","background-media":"","overlay-type":"","overlay-color":"","overlay-opacity":"","overlay-gradient":""}},"ast-content-background-meta":{"desktop":{"background-color":"var(--ast-global-color-5)","background-image":"","background-repeat":"repeat","background-position":"center center","background-size":"auto","background-attachment":"scroll","background-type":"","background-media":"","overlay-type":"","overlay-color":"","overlay-opacity":"","overlay-gradient":""},"tablet":{"background-color":"var(--ast-global-color-5)","background-image":"","background-repeat":"repeat","background-position":"center center","background-size":"auto","background-attachment":"scroll","background-type":"","background-media":"","overlay-type":"","overlay-color":"","overlay-opacity":"","overlay-gradient":""},"mobile":{"background-color":"var(--ast-global-color-5)","background-image":"","background-repeat":"repeat","background-position":"center center","background-size":"auto","background-attachment":"scroll","background-type":"","background-media":"","overlay-type":"","overlay-color":"","overlay-opacity":"","overlay-gradient":""}}},"product_brand":[],"product_cat":[135,133,138],"product_tag":[146,147,149,140,148,144,142],"class_list":{"0":"post-3371","1":"product","2":"type-product","3":"status-publish","4":"has-post-thumbnail","6":"product_cat-articulaciones-perros","7":"product_cat-perros-de-bienestar-completo","8":"product_cat-perros-de-recuperacion","9":"product_tag-alivio-de-la-artritis","10":"product_tag-antiinflamatorio","11":"product_tag-apoyo-inmunitario","12":"product_tag-mantenimiento-conjunto","13":"product_tag-mejora-de-la-flexibilidad","14":"product_tag-reparacion-del-cartilago","15":"product_tag-suplemento-de-movilidad","16":"desktop-align-left","17":"tablet-align-left","18":"mobile-align-left","19":"ast-product-gallery-layout-first-image-large","20":"ast-product-tabs-layout-horizontal","21":"ast-qv-on-image","23":"first","24":"instock","25":"taxable","26":"shipping-taxable","27":"purchasable","28":"product-type-simple"},"_links":{"self":[{"href":"https:\/\/k9goldlabel.com\/es\/wp-json\/wp\/v2\/product\/3371","targetHints":{"allow":["GET"]}}],"collection":[{"href":"https:\/\/k9goldlabel.com\/es\/wp-json\/wp\/v2\/product"}],"about":[{"href":"https:\/\/k9goldlabel.com\/es\/wp-json\/wp\/v2\/types\/product"}],"replies":[{"embeddable":true,"href":"https:\/\/k9goldlabel.com\/es\/wp-json\/wp\/v2\/comments?post=3371"}],"wp:featuredmedia":[{"embeddable":true,"href":"https:\/\/k9goldlabel.com\/es\/wp-json\/wp\/v2\/media\/3213"}],"wp:attachment":[{"href":"https:\/\/k9goldlabel.com\/es\/wp-json\/wp\/v2\/media?parent=3371"}],"wp:term":[{"taxonomy":"product_brand","embeddable":true,"href":"https:\/\/k9goldlabel.com\/es\/wp-json\/wp\/v2\/product_brand?post=3371"},{"taxonomy":"product_cat","embeddable":true,"href":"https:\/\/k9goldlabel.com\/es\/wp-json\/wp\/v2\/product_cat?post=3371"},{"taxonomy":"product_tag","embeddable":true,"href":"https:\/\/k9goldlabel.com\/es\/wp-json\/wp\/v2\/product_tag?post=3371"}],"curies":[{"name":"wp","href":"https:\/\/api.w.org\/{rel}","templated":true}]}}