{"id":3372,"date":"2024-03-20T14:55:57","date_gmt":"2024-03-20T14:55:57","guid":{"rendered":"https:\/\/k9goldlabel.com\/product\/bcaas\/"},"modified":"2026-01-22T00:26:13","modified_gmt":"2026-01-22T00:26:13","slug":"bcaas","status":"publish","type":"product","link":"https:\/\/k9goldlabel.com\/es\/producto\/bcaas\/","title":{"rendered":"BCAAs"},"content":{"rendered":"<h2><strong>BCAA: Construye M\u00fasculos Secos con Amino\u00e1cidos Esenciales<\/strong><\/h2>\n<p>Los BCAA (amino\u00e1cidos de cadena ramificada) de K9 Gold Label est\u00e1n dise\u00f1ados para ayudar a tu perro a desarrollar m\u00fasculo seco y favorecer una r\u00e1pida recuperaci\u00f3n tras los entrenamientos. Esta f\u00f3rmula \u00fanica contiene amino\u00e1cidos esenciales para el crecimiento y mantenimiento del tejido muscular, haciendo que tu perro est\u00e9 m\u00e1s fuerte y en forma.<\/p>\n<h3><strong>Beneficios del uso de BCAA:<\/strong><\/h3>\n<ul>\n<li><em>Desarrollo muscular en seco:<\/em> los BCAA ayudan a desarrollar la masa muscular en seco, haciendo que tu perro sea m\u00e1s fuerte y musculoso sin exceso de grasa.<\/li>\n<li><em>Estimula la producci\u00f3n de insulina:<\/em> Estos suplementos estimulan la producci\u00f3n de insulina, la fuente de energ\u00eda de las c\u00e9lulas musculares, proporcionando a tu perro m\u00e1s energ\u00eda durante los entrenamientos y las actividades.<\/li>\n<li><em>R\u00e1pida recuperaci\u00f3n tras los entrenamientos:<\/em> Los BCAA favorecen una r\u00e1pida recuperaci\u00f3n tras los entrenamientos intensos, reduciendo el dolor muscular de tu perro y dej\u00e1ndole listo para la acci\u00f3n m\u00e1s r\u00e1pidamente.<\/li>\n<li><em>Reduce los efectos del estr\u00e9s:<\/em> El suplemento puede ayudar a reducir los efectos nocivos del estr\u00e9s en el organismo, haciendo que tu perro se sienta m\u00e1s tranquilo y relajado.<\/li>\n<\/ul>\n<h3><strong>Composici\u00f3n:<\/strong><\/h3>\n<p>Cada 1000 mg de BCAA contiene:<\/p>\n<ul>\n<li>L-Leucina: 400 mg<\/li>\n<li>L-Valina: 200 mg<\/li>\n<li>L-Isoleucina: 200 mg<\/li>\n<li>Concentrado de arroz y prote\u00ednas: 200 mg<\/li>\n<\/ul>\n<h3><strong>Instrucciones de uso:<\/strong><\/h3>\n<p>Mezcla la dosis recomendada de BCAA con la comida diaria de tu perro seg\u00fan las pautas que se indican a continuaci\u00f3n:<\/p>\n<ul>\n<li>Para perros de hasta 5 kg: 1\/2 cacito<\/li>\n<li>Para perros de 5-30 kg: 1 cacito<\/li>\n<li>Para perros de 30-60 kg: 2 cacitos<\/li>\n<\/ul>\n<p>Nota: Evita la sobredosificaci\u00f3n. Vigila la dosis para obtener los mejores resultados.<\/p>\n<p>Los BCAA de K9goldlabel se presentan en un c\u00f3modo envase de 200 gramos, lo que facilita proporcionar a tu perro este potente suplemento para el desarrollo muscular y la recuperaci\u00f3n.<\/p>\n","protected":false},"excerpt":{"rendered":"<ul>\n<li><strong>Musculaci\u00f3n en seco<\/strong>: Los BCAA favorecen el crecimiento muscular sin exceso de grasa.<\/li>\n<li><strong>Estimula la producci\u00f3n de insulina<\/strong>: Mejora el suministro de energ\u00eda a los m\u00fasculos para aumentar la fuerza durante las actividades.<\/li>\n<li><strong>Recuperaci\u00f3n r\u00e1pida<\/strong>: Acelera la recuperaci\u00f3n despu\u00e9s del entrenamiento y reduce las agujetas.<\/li>\n<li><strong>Reduce el estr\u00e9s<\/strong>: Ayuda a reducir los efectos nocivos del estr\u00e9s en el cuerpo, para una mayor relajaci\u00f3n.<\/li>\n<\/ul>\n","protected":false},"featured_media":3193,"comment_status":"open","ping_status":"closed","template":"","meta":{"site-sidebar-layout":"default","site-content-layout":"","ast-site-content-layout":"default","site-content-style":"default","site-sidebar-style":"default","ast-global-header-display":"","ast-banner-title-visibility":"","ast-main-header-display":"","ast-hfb-above-header-display":"","ast-hfb-below-header-display":"","ast-hfb-mobile-header-display":"","site-post-title":"","ast-breadcrumbs-content":"","ast-featured-img":"","footer-sml-layout":"","ast-disable-related-posts":"","theme-transparent-header-meta":"default","adv-header-id-meta":"","stick-header-meta":"default","header-above-stick-meta":"","header-main-stick-meta":"","header-below-stick-meta":"","astra-migrate-meta-layouts":"default","ast-page-background-enabled":"default","ast-page-background-meta":{"desktop":{"background-color":"var(--ast-global-color-4)","background-image":"","background-repeat":"repeat","background-position":"center center","background-size":"auto","background-attachment":"scroll","background-type":"","background-media":"","overlay-type":"","overlay-color":"","overlay-opacity":"","overlay-gradient":""},"tablet":{"background-color":"","background-image":"","background-repeat":"repeat","background-position":"center center","background-size":"auto","background-attachment":"scroll","background-type":"","background-media":"","overlay-type":"","overlay-color":"","overlay-opacity":"","overlay-gradient":""},"mobile":{"background-color":"","background-image":"","background-repeat":"repeat","background-position":"center center","background-size":"auto","background-attachment":"scroll","background-type":"","background-media":"","overlay-type":"","overlay-color":"","overlay-opacity":"","overlay-gradient":""}},"ast-content-background-meta":{"desktop":{"background-color":"var(--ast-global-color-5)","background-image":"","background-repeat":"repeat","background-position":"center center","background-size":"auto","background-attachment":"scroll","background-type":"","background-media":"","overlay-type":"","overlay-color":"","overlay-opacity":"","overlay-gradient":""},"tablet":{"background-color":"var(--ast-global-color-5)","background-image":"","background-repeat":"repeat","background-position":"center center","background-size":"auto","background-attachment":"scroll","background-type":"","background-media":"","overlay-type":"","overlay-color":"","overlay-opacity":"","overlay-gradient":""},"mobile":{"background-color":"var(--ast-global-color-5)","background-image":"","background-repeat":"repeat","background-position":"center center","background-size":"auto","background-attachment":"scroll","background-type":"","background-media":"","overlay-type":"","overlay-color":"","overlay-opacity":"","overlay-gradient":""}}},"product_brand":[],"product_cat":[133,150],"product_tag":[156,154,157,152,151,155,153],"class_list":{"0":"post-3372","1":"product","2":"type-product","3":"status-publish","4":"has-post-thumbnail","6":"product_cat-perros-de-bienestar-completo","7":"product_cat-perros-musculosos","8":"product_tag-adiestramiento-canino","9":"product_tag-aumento-de-energia","10":"product_tag-fuerza-muscular","11":"product_tag-masa-muscular-seca","12":"product_tag-musculacion","13":"product_tag-reduccion-del-estres","14":"product_tag-suplemento-de-recuperacion","15":"desktop-align-left","16":"tablet-align-left","17":"mobile-align-left","18":"ast-product-gallery-layout-first-image-large","19":"ast-product-tabs-layout-horizontal","20":"ast-qv-on-image","22":"first","23":"instock","24":"taxable","25":"shipping-taxable","26":"purchasable","27":"product-type-simple"},"_links":{"self":[{"href":"https:\/\/k9goldlabel.com\/es\/wp-json\/wp\/v2\/product\/3372","targetHints":{"allow":["GET"]}}],"collection":[{"href":"https:\/\/k9goldlabel.com\/es\/wp-json\/wp\/v2\/product"}],"about":[{"href":"https:\/\/k9goldlabel.com\/es\/wp-json\/wp\/v2\/types\/product"}],"replies":[{"embeddable":true,"href":"https:\/\/k9goldlabel.com\/es\/wp-json\/wp\/v2\/comments?post=3372"}],"wp:featuredmedia":[{"embeddable":true,"href":"https:\/\/k9goldlabel.com\/es\/wp-json\/wp\/v2\/media\/3193"}],"wp:attachment":[{"href":"https:\/\/k9goldlabel.com\/es\/wp-json\/wp\/v2\/media?parent=3372"}],"wp:term":[{"taxonomy":"product_brand","embeddable":true,"href":"https:\/\/k9goldlabel.com\/es\/wp-json\/wp\/v2\/product_brand?post=3372"},{"taxonomy":"product_cat","embeddable":true,"href":"https:\/\/k9goldlabel.com\/es\/wp-json\/wp\/v2\/product_cat?post=3372"},{"taxonomy":"product_tag","embeddable":true,"href":"https:\/\/k9goldlabel.com\/es\/wp-json\/wp\/v2\/product_tag?post=3372"}],"curies":[{"name":"wp","href":"https:\/\/api.w.org\/{rel}","templated":true}]}}