{"id":3577,"date":"2024-03-20T21:24:26","date_gmt":"2024-03-20T21:24:26","guid":{"rendered":"https:\/\/k9goldlabel.com\/product\/puppy-grow-vetri\/"},"modified":"2024-10-22T10:43:20","modified_gmt":"2024-10-22T10:43:20","slug":"puppy-grow-vetri","status":"publish","type":"product","link":"https:\/\/k9goldlabel.com\/es\/producto\/puppy-grow-vetri\/","title":{"rendered":"Puppy Grow vetri"},"content":{"rendered":"<h2><strong>Puppy GROW vetri: Optimiza el crecimiento y desarrollo de los perros j\u00f3venes<\/strong><\/h2>\n<p>Puppy GROW Minerales + Probi\u00f3ticos es un suplemento completo para perros j\u00f3venes, dise\u00f1ado para favorecer su crecimiento y desarrollo desde las 6 semanas de edad hasta los 16 meses aproximadamente, seg\u00fan la raza. Adecuado para todas las razas, este potente suplemento ofrece una amplia gama de beneficios para el bienestar de tu cachorro en crecimiento.<\/p>\n<h3><strong>Las ventajas de un vistazo:<\/strong><\/h3>\n<ul>\n<li><em>Crecimiento y desarrollo equilibrados:<\/em> Favorece el crecimiento y desarrollo sanos y equilibrados de tu cachorro durante su fase crucial de crecimiento.<\/li>\n<li><em>M\u00e1ximo desarrollo muscular:<\/em> Ayuda a promover m\u00fasculos fuertes y sanos para un estilo de vida activo.<\/li>\n<li><em>Pelaje sano y m\u00e1s espeso:<\/em> favorece un pelaje brillante y espeso, gracias a los \u00e1cidos grasos omega-3 y omega-6.<\/li>\n<li><em>Fortalecimiento de ligamentos, tendones y m\u00fasculos:<\/em> Reduce el riesgo de lesiones posteriores al fortalecer los ligamentos, tendones y m\u00fasculos de tu cachorro.<\/li>\n<li><em>Desarrollo saludable de las articulaciones:<\/em> Proporciona la proporci\u00f3n adecuada de glucosamina, condroitina y MSM para apoyar y mantener la salud de las articulaciones.<\/li>\n<li><em>Ayuda a la vitalidad:<\/em> Enriquecido con vitaminas, minerales y probi\u00f3ticos esenciales que favorecen la salud en general, incluido un mayor estado de alerta, resistencia y una recuperaci\u00f3n m\u00e1s r\u00e1pida despu\u00e9s del ejercicio.<\/li>\n<\/ul>\n<p>Puppy GROW Minerales + Probi\u00f3ticos est\u00e1 disponible en un c\u00f3modo envase de 500 gramos.<\/p>\n<h3><strong>Composici\u00f3n:<\/strong><\/h3>\n<ul>\n<li>Contiene una mezcla equilibrada de ingredientes de alta calidad, como carbonato c\u00e1lcico, harina de arroz, levadura, prote\u00edna de suero dulce, fosfato tric\u00e1lcico, microcelulosa, algas secas, cebada malteada, caseinato s\u00f3dico, glucosamina, metilsulfonilmetano (MSM), sulfato de condroitina y m\u00e1s.<\/li>\n<\/ul>\n<h3><strong>Constituyentes anal\u00edticos:<\/strong><\/h3>\n<ul>\n<li>Prote\u00edna bruta: 11%.<\/li>\n<li>Grasa bruta: 1,5%.<\/li>\n<li>Fibra bruta: 3,5%.<\/li>\n<li>Ceniza bruta: 37<\/li>\n<\/ul>\n<h3><strong>Dosis diaria:<\/strong> Mezcla la dosis indicada con la comida diaria de tu cachorro:<\/h3>\n<ul>\n<li>&lt;Para cachorros de 10 kg: 2,5 ml<\/li>\n<li>Para cachorros de 10-20 kg: 5 ml<\/li>\n<li>Para cachorros de 20-50 kg: 10 ml<\/li>\n<li>&gt;Para cachorros de 50 kg: 15 ml (m\u00e1ximo)<\/li>\n<\/ul>\n<p>Se incluye una cuchara dosificadora para una dosificaci\u00f3n precisa.<\/p>\n<p>Guarda Puppy GROW Minerales + Probi\u00f3ticos en un lugar fresco y seco, alejado de la luz solar directa. Mant\u00e9n el envase cerrado cuando no lo utilices y fuera del alcance de los ni\u00f1os. No utilices otros suplementos que contengan vitaminas y oligoelementos adem\u00e1s de este suplemento.<\/p>\n","protected":false},"excerpt":{"rendered":"<p>Puppy GROW Vetri es un suplemento completo para perros j\u00f3venes, dise\u00f1ado para favorecer su crecimiento y desarrollo desde las 6 semanas de edad hasta los 16 meses aproximadamente, seg\u00fan la raza.<\/p>\n<ul>\n<li><strong>Crecimiento equilibrado<\/strong>: Favorece un desarrollo sano y equilibrado durante la fase de crecimiento.<\/li>\n<li><strong>M\u00e1ximo desarrollo muscular<\/strong>: Fomenta unos m\u00fasculos fuertes y sanos para un estilo de vida activo.<\/li>\n<li><strong>Pelaje sano<\/strong>: Proporciona un pelaje brillante y espeso gracias a los \u00e1cidos grasos omega-3 y omega-6.<\/li>\n<li><strong>Ligamentos y Tendones Fortalecidos<\/strong>: Reduce el riesgo de lesiones fortaleciendo los m\u00fasculos, ligamentos y tendones.<\/li>\n<li><strong>Articulaciones sanas<\/strong>: Favorece las articulaciones con glucosamina, condroitina y MSM.<\/li>\n<li><strong>Aumento de la vitalidad<\/strong>: Las vitaminas esenciales, los minerales y los probi\u00f3ticos mejoran la salud general, el estado de alerta y la recuperaci\u00f3n.<\/li>\n<\/ul>\n","protected":false},"featured_media":3177,"comment_status":"open","ping_status":"closed","template":"","meta":{"site-sidebar-layout":"default","site-content-layout":"","ast-site-content-layout":"default","site-content-style":"default","site-sidebar-style":"default","ast-global-header-display":"","ast-banner-title-visibility":"","ast-main-header-display":"","ast-hfb-above-header-display":"","ast-hfb-below-header-display":"","ast-hfb-mobile-header-display":"","site-post-title":"","ast-breadcrumbs-content":"","ast-featured-img":"","footer-sml-layout":"","ast-disable-related-posts":"","theme-transparent-header-meta":"default","adv-header-id-meta":"","stick-header-meta":"default","header-above-stick-meta":"","header-main-stick-meta":"","header-below-stick-meta":"","astra-migrate-meta-layouts":"default","ast-page-background-enabled":"default","ast-page-background-meta":{"desktop":{"background-color":"var(--ast-global-color-4)","background-image":"","background-repeat":"repeat","background-position":"center center","background-size":"auto","background-attachment":"scroll","background-type":"","background-media":"","overlay-type":"","overlay-color":"","overlay-opacity":"","overlay-gradient":""},"tablet":{"background-color":"","background-image":"","background-repeat":"repeat","background-position":"center center","background-size":"auto","background-attachment":"scroll","background-type":"","background-media":"","overlay-type":"","overlay-color":"","overlay-opacity":"","overlay-gradient":""},"mobile":{"background-color":"","background-image":"","background-repeat":"repeat","background-position":"center center","background-size":"auto","background-attachment":"scroll","background-type":"","background-media":"","overlay-type":"","overlay-color":"","overlay-opacity":"","overlay-gradient":""}},"ast-content-background-meta":{"desktop":{"background-color":"var(--ast-global-color-5)","background-image":"","background-repeat":"repeat","background-position":"center center","background-size":"auto","background-attachment":"scroll","background-type":"","background-media":"","overlay-type":"","overlay-color":"","overlay-opacity":"","overlay-gradient":""},"tablet":{"background-color":"var(--ast-global-color-5)","background-image":"","background-repeat":"repeat","background-position":"center center","background-size":"auto","background-attachment":"scroll","background-type":"","background-media":"","overlay-type":"","overlay-color":"","overlay-opacity":"","overlay-gradient":""},"mobile":{"background-color":"var(--ast-global-color-5)","background-image":"","background-repeat":"repeat","background-position":"center center","background-size":"auto","background-attachment":"scroll","background-type":"","background-media":"","overlay-type":"","overlay-color":"","overlay-opacity":"","overlay-gradient":""}}},"product_brand":[],"product_cat":[135,133,138,150],"product_tag":[172,140,173,175,174],"class_list":{"0":"post-3577","1":"product","2":"type-product","3":"status-publish","4":"has-post-thumbnail","6":"product_cat-articulaciones-perros","7":"product_cat-perros-de-bienestar-completo","8":"product_cat-perros-de-recuperacion","9":"product_cat-perros-musculosos","10":"product_tag-desarrollo-muscular","11":"product_tag-mantenimiento-conjunto","12":"product_tag-pelo-sano","13":"product_tag-probioticos-para-cachorros","14":"product_tag-suplemento-para-cachorros","15":"desktop-align-left","16":"tablet-align-left","17":"mobile-align-left","18":"ast-product-gallery-layout-first-image-large","19":"ast-product-tabs-layout-horizontal","20":"ast-qv-on-image","22":"first","23":"instock","24":"taxable","25":"shipping-taxable","26":"purchasable","27":"product-type-simple"},"_links":{"self":[{"href":"https:\/\/k9goldlabel.com\/es\/wp-json\/wp\/v2\/product\/3577","targetHints":{"allow":["GET"]}}],"collection":[{"href":"https:\/\/k9goldlabel.com\/es\/wp-json\/wp\/v2\/product"}],"about":[{"href":"https:\/\/k9goldlabel.com\/es\/wp-json\/wp\/v2\/types\/product"}],"replies":[{"embeddable":true,"href":"https:\/\/k9goldlabel.com\/es\/wp-json\/wp\/v2\/comments?post=3577"}],"wp:featuredmedia":[{"embeddable":true,"href":"https:\/\/k9goldlabel.com\/es\/wp-json\/wp\/v2\/media\/3177"}],"wp:attachment":[{"href":"https:\/\/k9goldlabel.com\/es\/wp-json\/wp\/v2\/media?parent=3577"}],"wp:term":[{"taxonomy":"product_brand","embeddable":true,"href":"https:\/\/k9goldlabel.com\/es\/wp-json\/wp\/v2\/product_brand?post=3577"},{"taxonomy":"product_cat","embeddable":true,"href":"https:\/\/k9goldlabel.com\/es\/wp-json\/wp\/v2\/product_cat?post=3577"},{"taxonomy":"product_tag","embeddable":true,"href":"https:\/\/k9goldlabel.com\/es\/wp-json\/wp\/v2\/product_tag?post=3577"}],"curies":[{"name":"wp","href":"https:\/\/api.w.org\/{rel}","templated":true}]}}