{"id":3580,"date":"2024-03-20T21:11:04","date_gmt":"2024-03-20T21:11:04","guid":{"rendered":"https:\/\/k9goldlabel.com\/product\/1-kg-rendimiento-muscular-y-1-litro-aquakefir\/"},"modified":"2025-12-22T16:25:22","modified_gmt":"2025-12-22T16:25:22","slug":"1-kg-rendimiento-muscular-y-1-litro-aquakefir","status":"publish","type":"product","link":"https:\/\/k9goldlabel.com\/es\/producto\/1-kg-rendimiento-muscular-y-1-litro-aquakefir\/","title":{"rendered":"1 Kg Rendimiento muscular y 1 litro Aquakefir"},"content":{"rendered":"<h2>M\u00fasculo y Rendimiento<\/h2>\n<p>no es un suplemento m\u00e1s; es el producto m\u00e1s completo disponible para todas las razas de perros. Desarrollado para uso diario, no s\u00f3lo favorece el bienestar general de tu mascota, sino que tambi\u00e9n promueve el m\u00e1ximo desarrollo muscular, un pelaje sano y brillante, y fortalece ligamentos, tendones y m\u00fasculos, reduciendo significativamente el riesgo de lesiones.<\/p>\n<p>Muscle &amp; Performance es adecuado para todas las razas de perro y puede utilizarse en todas las disciplinas, ya sean perros activos, de trabajo o mascotas.<\/p>\n<h3><strong>Composici\u00f3n:<\/strong><\/h3>\n<ul>\n<li>Contiene una mezcla equilibrada de ingredientes de alta calidad, como carbonato c\u00e1lcico, harina de arroz, levadura, prote\u00edna de suero, fosfato monoc\u00e1lcico, celulosa, algas secas, cebada malteada, caseinato c\u00e1lcico, glucosamina, metilsulfonilmetano (MSM), sulfato de condroitina y m\u00e1s.<\/li>\n<\/ul>\n<h3><strong>Constituyentes anal\u00edticos:<\/strong><\/h3>\n<ul>\n<li>Prote\u00edna bruta: 11%.<\/li>\n<li>Grasa bruta: 1,5%.<\/li>\n<li>Fibra bruta: 3,5%.<\/li>\n<li>Ceniza bruta: 37<\/li>\n<\/ul>\n<h3><strong>Dosis al d\u00eda:<\/strong><\/h3>\n<p>Mezcla la dosis indicada con la comida diaria de tu perro:<\/p>\n<ul>\n<li>&lt;Para perros de 10 kg: 2,5 ml<\/li>\n<li>Para perros de 10-20 kg: 5 ml<\/li>\n<li>Para perros de 20-50 kg: 10 ml<\/li>\n<li>&gt;Para perros de 50 kg: 15 ml (m\u00e1ximo)<\/li>\n<\/ul>\n<p>Se incluye una cuchara dosificadora para una dosificaci\u00f3n precisa.<\/p>\n<p>&nbsp;<\/p>\n<h2>AquaKefir<\/h2>\n<p>para perros es un complemento nutritivo para la dieta de tu fiel compa\u00f1ero, adecuado para perros alimentados con carne cruda (BARF) o con comida seca. Ofrece un impulso refrescante con probi\u00f3ticos naturales para apoyar al organismo y tiene un efecto beneficioso sobre el est\u00f3mago y los intestinos.<\/p>\n<p>K9goldlabel utiliza ingredientes ecol\u00f3gicos para garantizar la m\u00e1xima calidad en cada botella de AquaKefir. Nuestro AquaKefir se presenta en una pr\u00e1ctica botella de 1 litro, con una bomba dosificadora para dosificarlo f\u00e1cilmente.<\/p>\n<h3><strong>Ingredientes:<\/strong><\/h3>\n<p>Agua, higos secados al sol, lim\u00f3n, fermento vivo (agricultura biodin\u00e1mica controlada), sin aditivos y no pasteurizado.<\/p>\n<h3><strong>Valor nutritivo por raci\u00f3n:<\/strong><\/h3>\n<p>Energ\u00eda: 18,5 kj, Grasa  &lt;0,1 g, Grasas saturadas  &lt;0,1 g, Hidratos de carbono 1,05 g, Az\u00facares  &lt;0,2 g, Prote\u00edna 0,1 g, Sal  &lt;0,01g.<\/p>\n<h3><strong>Dosificaci\u00f3n:<\/strong><\/h3>\n<ul>\n<li>1 vez al d\u00eda sobre la comida<\/li>\n<li>Perro peque\u00f1o: 2 bombas<\/li>\n<li>Perro mediano: 4 bombas<\/li>\n<li>Perro grande: de 6 a 8 bombas<\/li>\n<li>Para molestias intestinales inmediatas: dosis doble<\/li>\n<\/ul>\n<p>Una vez abierto, gu\u00e1rdalo en el frigor\u00edfico para mantenerlo fresco.<\/p>\n","protected":false},"excerpt":{"rendered":"<p>Aquakefir<\/p>\n<ul>\n<li><strong>Favorece la salud gastrointestinal<\/strong>: Ayuda a mantener equilibrada la flora intestinal.<\/li>\n<li><strong>Potencial anticancer\u00edgeno<\/strong>: Puede ayudar a prevenir tumores y activar el sistema inmunitario.<\/li>\n<li><strong>Estimula el sistema inmunitario<\/strong>: Aumenta la resistencia a las enfermedades.<\/li>\n<\/ul>\n<p>Rendimiento muscular<\/p>\n<ul>\n<li><strong>M\u00e1ximo desarrollo muscular<\/strong>: Favorece unos m\u00fasculos fuertes para mejorar el rendimiento f\u00edsico y la fuerza.<\/li>\n<li><strong>Pelaje sano<\/strong>: favorece un pelaje brillante y espeso gracias a los \u00e1cidos grasos omega-3 y omega-6.<\/li>\n<li><strong>Ligamentos y Tendones Fortalecidos<\/strong>: Reduce el riesgo de lesiones gracias a unos ligamentos, tendones y m\u00fasculos fuertes.<\/li>\n<li><strong>Cuidado de las articulaciones<\/strong>: Favorece las articulaciones y promueve la movilidad con glucosamina, condroitina y MSM.<\/li>\n<li><strong>Mayor bienestar<\/strong>: Las vitaminas esenciales, los minerales y los probi\u00f3ticos mejoran el estado de alerta, la resistencia y la recuperaci\u00f3n.<\/li>\n<\/ul>\n","protected":false},"featured_media":3257,"comment_status":"open","ping_status":"closed","template":"","meta":{"site-sidebar-layout":"default","site-content-layout":"","ast-site-content-layout":"default","site-content-style":"default","site-sidebar-style":"default","ast-global-header-display":"","ast-banner-title-visibility":"","ast-main-header-display":"","ast-hfb-above-header-display":"","ast-hfb-below-header-display":"","ast-hfb-mobile-header-display":"","site-post-title":"","ast-breadcrumbs-content":"","ast-featured-img":"","footer-sml-layout":"","ast-disable-related-posts":"","theme-transparent-header-meta":"default","adv-header-id-meta":"","stick-header-meta":"default","header-above-stick-meta":"","header-main-stick-meta":"","header-below-stick-meta":"","astra-migrate-meta-layouts":"default","ast-page-background-enabled":"default","ast-page-background-meta":{"desktop":{"background-color":"var(--ast-global-color-4)","background-image":"","background-repeat":"repeat","background-position":"center center","background-size":"auto","background-attachment":"scroll","background-type":"","background-media":"","overlay-type":"","overlay-color":"","overlay-opacity":"","overlay-gradient":""},"tablet":{"background-color":"","background-image":"","background-repeat":"repeat","background-position":"center center","background-size":"auto","background-attachment":"scroll","background-type":"","background-media":"","overlay-type":"","overlay-color":"","overlay-opacity":"","overlay-gradient":""},"mobile":{"background-color":"","background-image":"","background-repeat":"repeat","background-position":"center center","background-size":"auto","background-attachment":"scroll","background-type":"","background-media":"","overlay-type":"","overlay-color":"","overlay-opacity":"","overlay-gradient":""}},"ast-content-background-meta":{"desktop":{"background-color":"var(--ast-global-color-5)","background-image":"","background-repeat":"repeat","background-position":"center center","background-size":"auto","background-attachment":"scroll","background-type":"","background-media":"","overlay-type":"","overlay-color":"","overlay-opacity":"","overlay-gradient":""},"tablet":{"background-color":"var(--ast-global-color-5)","background-image":"","background-repeat":"repeat","background-position":"center center","background-size":"auto","background-attachment":"scroll","background-type":"","background-media":"","overlay-type":"","overlay-color":"","overlay-opacity":"","overlay-gradient":""},"mobile":{"background-color":"var(--ast-global-color-5)","background-image":"","background-repeat":"repeat","background-position":"center center","background-size":"auto","background-attachment":"scroll","background-type":"","background-media":"","overlay-type":"","overlay-color":"","overlay-opacity":"","overlay-gradient":""}}},"product_brand":[],"product_cat":[182,135,133,138,150],"product_tag":[185,184,183],"class_list":{"0":"post-3580","1":"product","2":"type-product","3":"status-publish","4":"has-post-thumbnail","6":"product_cat-accion","7":"product_cat-articulaciones-perros","8":"product_cat-perros-de-bienestar-completo","9":"product_cat-perros-de-recuperacion","10":"product_cat-perros-musculosos","11":"product_tag-apoyo-a-la-inmunidad","12":"product_tag-flora-intestinal-sana","13":"product_tag-salud-gastrointestinal","14":"desktop-align-left","15":"tablet-align-left","16":"mobile-align-left","17":"ast-product-gallery-layout-first-image-large","18":"ast-product-gallery-with-no-image","19":"ast-product-tabs-layout-horizontal","20":"ast-qv-on-image","22":"first","23":"outofstock","24":"sale","25":"taxable","26":"shipping-taxable","27":"purchasable","28":"product-type-simple"},"_links":{"self":[{"href":"https:\/\/k9goldlabel.com\/es\/wp-json\/wp\/v2\/product\/3580","targetHints":{"allow":["GET"]}}],"collection":[{"href":"https:\/\/k9goldlabel.com\/es\/wp-json\/wp\/v2\/product"}],"about":[{"href":"https:\/\/k9goldlabel.com\/es\/wp-json\/wp\/v2\/types\/product"}],"replies":[{"embeddable":true,"href":"https:\/\/k9goldlabel.com\/es\/wp-json\/wp\/v2\/comments?post=3580"}],"wp:featuredmedia":[{"embeddable":true,"href":"https:\/\/k9goldlabel.com\/es\/wp-json\/wp\/v2\/media\/3257"}],"wp:attachment":[{"href":"https:\/\/k9goldlabel.com\/es\/wp-json\/wp\/v2\/media?parent=3580"}],"wp:term":[{"taxonomy":"product_brand","embeddable":true,"href":"https:\/\/k9goldlabel.com\/es\/wp-json\/wp\/v2\/product_brand?post=3580"},{"taxonomy":"product_cat","embeddable":true,"href":"https:\/\/k9goldlabel.com\/es\/wp-json\/wp\/v2\/product_cat?post=3580"},{"taxonomy":"product_tag","embeddable":true,"href":"https:\/\/k9goldlabel.com\/es\/wp-json\/wp\/v2\/product_tag?post=3580"}],"curies":[{"name":"wp","href":"https:\/\/api.w.org\/{rel}","templated":true}]}}