{"id":3587,"date":"2024-03-20T15:40:44","date_gmt":"2024-03-20T15:40:44","guid":{"rendered":"https:\/\/k9goldlabel.com\/product\/rendimiento-muscular-1000g\/"},"modified":"2026-01-21T22:41:27","modified_gmt":"2026-01-21T22:41:27","slug":"rendimiento-muscular-1000g","status":"publish","type":"product","link":"https:\/\/k9goldlabel.com\/es\/producto\/rendimiento-muscular-1000g\/","title":{"rendered":"Rendimiento muscular 1000g"},"content":{"rendered":"<h2><strong>Rendimiento muscular: para un bienestar y un rendimiento \u00f3ptimos<\/strong><\/h2>\n<p>Muscle Performance no es un suplemento m\u00e1s; es el producto m\u00e1s completo disponible para todas las razas de perros. Desarrollado para uso diario, no s\u00f3lo favorece el bienestar general de tu mascota, sino que tambi\u00e9n promueve el m\u00e1ximo desarrollo muscular, un pelaje sano y brillante, y fortalece ligamentos, tendones y m\u00fasculos, reduciendo significativamente el riesgo de lesiones.<\/p>\n<p>Nuestra f\u00f3rmula \u00fanica contiene una mezcla cuidadosamente equilibrada de nutrientes esenciales, como glucosamina, condroitina y MSM para el mantenimiento de las articulaciones, y una amplia gama de vitaminas y minerales para ayudar a todas las partes vitales de tu mascota. Adem\u00e1s, contiene probi\u00f3ticos para el mantenimiento de la flora intestinal, lo que se traduce en un aumento del estado de alerta, la resistencia y una recuperaci\u00f3n m\u00e1s r\u00e1pida despu\u00e9s del ejercicio.<\/p>\n<p>Con Muscle Performance, no s\u00f3lo ver\u00e1s mejoras en la forma f\u00edsica y la resistencia de tu mascota, sino tambi\u00e9n un progreso notable en su rendimiento, independientemente de su disciplina. Disponible en un c\u00f3modo envase de 500 g, cada suplemento incluye un cacito dosificador para facilitar la dosificaci\u00f3n.<\/p>\n<h3><strong>Las ventajas de un vistazo:<\/strong><\/h3>\n<ul>\n<li><em>M\u00e1ximo desarrollo muscular:<\/em> Favorece la formaci\u00f3n de m\u00fasculos fuertes y sanos, lo que se traduce en una mejora del rendimiento f\u00edsico y la fuerza.<\/li>\n<li><em>Pelaje sano y m\u00e1s grueso:<\/em> favorece un pelaje brillante y grueso y un pelo sano gracias a los \u00e1cidos grasos omega-3 y omega-6 a\u00f1adidos.<\/li>\n<li><em>Fortalecimiento de ligamentos, tendones y m\u00fasculos:<\/em> Reduce el riesgo de lesiones fortaleciendo los ligamentos, tendones y m\u00fasculos de tu perro.<\/li>\n<li><em>Mantenimiento articular:<\/em> Proporciona la proporci\u00f3n adecuada de glucosamina, condroitina y MSM para favorecer la salud articular y promover la movilidad.<\/li>\n<li><em>Mejora del bienestar general:<\/em> Enriquecido con vitaminas, minerales y probi\u00f3ticos esenciales que contribuyen a mejorar la salud general, incluyendo un mayor estado de alerta, resistencia y una recuperaci\u00f3n m\u00e1s r\u00e1pida despu\u00e9s del ejercicio.<\/li>\n<\/ul>\n<p>Muscle Performance es adecuado para todas las razas de perro y puede utilizarse en todas las disciplinas, ya sean perros activos, de trabajo o mascotas.<\/p>\n<h3><strong>Composici\u00f3n:<\/strong><\/h3>\n<ul>\n<li>Contiene una mezcla equilibrada de ingredientes de alta calidad, como carbonato c\u00e1lcico, harina de arroz, levadura, prote\u00edna de suero, fosfato monoc\u00e1lcico, celulosa, algas secas, cebada malteada, caseinato c\u00e1lcico, glucosamina, metilsulfonilmetano (MSM), sulfato de condroitina y m\u00e1s.<\/li>\n<\/ul>\n<h3><strong>Constituyentes anal\u00edticos:<\/strong><\/h3>\n<ul>\n<li>Prote\u00edna bruta: 11%.<\/li>\n<li>Grasa bruta: 1,5%.<\/li>\n<li>Fibra bruta: 3,5%.<\/li>\n<li>Ceniza bruta: 37<\/li>\n<\/ul>\n<h3><strong>Dosis al d\u00eda:<\/strong><\/h3>\n<p>Mezcla la dosis indicada con la comida diaria de tu perro:<\/p>\n<ul>\n<li>&lt;Para perros de 10 kg: 2,5 ml<\/li>\n<li>Para perros de 10-20 kg: 5 ml<\/li>\n<li>Para perros de 20-50 kg: 10 ml<\/li>\n<li>&gt;Para perros de 50 kg: 15 ml (m\u00e1ximo)<\/li>\n<\/ul>\n<p>Se incluye una cuchara dosificadora para una dosificaci\u00f3n precisa.<\/p>\n<p>Guarda Muscle &amp; Performance en un lugar fresco y seco, alejado de la luz solar directa. Mant\u00e9n el envase cerrado cuando no lo utilices y fuera del alcance de los ni\u00f1os. No utilices otros suplementos que contengan vitaminas y oligoelementos adem\u00e1s de este suplemento.<\/p>\n<h4>Si quieres m\u00e1s informaci\u00f3n de fondo, haz clic <strong><a href=\"https:\/\/k9goldlabel.com\/es\/rendimiento-muscular\/?v=1a13105b7e4e\">AQU\u00cd<\/a><\/strong><\/h4>\n","protected":false},"excerpt":{"rendered":"<ul>\n<li><strong>M\u00e1ximo desarrollo muscular<\/strong>: Favorece unos m\u00fasculos fuertes para mejorar el rendimiento f\u00edsico y la fuerza.<\/li>\n<li><strong>Pelaje sano<\/strong>: favorece un pelaje brillante y espeso gracias a los \u00e1cidos grasos omega-3 y omega-6.<\/li>\n<li><strong>Ligamentos y Tendones Fortalecidos<\/strong>: Reduce el riesgo de lesiones gracias a unos ligamentos, tendones y m\u00fasculos fuertes.<\/li>\n<li><strong>Cuidado de las articulaciones<\/strong>: Favorece las articulaciones y promueve la movilidad con glucosamina, condroitina y MSM.<\/li>\n<li><strong>Mayor bienestar<\/strong>: Las vitaminas esenciales, los minerales y los probi\u00f3ticos mejoran el estado de alerta, la resistencia y la recuperaci\u00f3n.<\/li>\n<\/ul>\n","protected":false},"featured_media":3237,"comment_status":"open","ping_status":"closed","template":"","meta":{"site-sidebar-layout":"default","site-content-layout":"","ast-site-content-layout":"default","site-content-style":"default","site-sidebar-style":"default","ast-global-header-display":"","ast-banner-title-visibility":"","ast-main-header-display":"","ast-hfb-above-header-display":"","ast-hfb-below-header-display":"","ast-hfb-mobile-header-display":"","site-post-title":"","ast-breadcrumbs-content":"","ast-featured-img":"","footer-sml-layout":"","ast-disable-related-posts":"","theme-transparent-header-meta":"default","adv-header-id-meta":"","stick-header-meta":"default","header-above-stick-meta":"","header-main-stick-meta":"","header-below-stick-meta":"","astra-migrate-meta-layouts":"set","ast-page-background-enabled":"default","ast-page-background-meta":{"desktop":{"background-color":"var(--ast-global-color-4)","background-image":"","background-repeat":"repeat","background-position":"center center","background-size":"auto","background-attachment":"scroll","background-type":"","background-media":"","overlay-type":"","overlay-color":"","overlay-opacity":"","overlay-gradient":""},"tablet":{"background-color":"","background-image":"","background-repeat":"repeat","background-position":"center center","background-size":"auto","background-attachment":"scroll","background-type":"","background-media":"","overlay-type":"","overlay-color":"","overlay-opacity":"","overlay-gradient":""},"mobile":{"background-color":"","background-image":"","background-repeat":"repeat","background-position":"center center","background-size":"auto","background-attachment":"scroll","background-type":"","background-media":"","overlay-type":"","overlay-color":"","overlay-opacity":"","overlay-gradient":""}},"ast-content-background-meta":{"desktop":{"background-color":"var(--ast-global-color-5)","background-image":"","background-repeat":"repeat","background-position":"center center","background-size":"auto","background-attachment":"scroll","background-type":"","background-media":"","overlay-type":"","overlay-color":"","overlay-opacity":"","overlay-gradient":""},"tablet":{"background-color":"var(--ast-global-color-5)","background-image":"","background-repeat":"repeat","background-position":"center center","background-size":"auto","background-attachment":"scroll","background-type":"","background-media":"","overlay-type":"","overlay-color":"","overlay-opacity":"","overlay-gradient":""},"mobile":{"background-color":"var(--ast-global-color-5)","background-image":"","background-repeat":"repeat","background-position":"center center","background-size":"auto","background-attachment":"scroll","background-type":"","background-media":"","overlay-type":"","overlay-color":"","overlay-opacity":"","overlay-gradient":""}}},"product_brand":[],"product_cat":[133,138,150],"product_tag":[198,172,140,173,197,199],"class_list":{"0":"post-3587","1":"product","2":"type-product","3":"status-publish","4":"has-post-thumbnail","6":"product_cat-perros-de-bienestar-completo","7":"product_cat-perros-de-recuperacion","8":"product_cat-perros-musculosos","9":"product_tag-acidos-grasos-omega-3-y-omega-6","10":"product_tag-desarrollo-muscular","11":"product_tag-mantenimiento-conjunto","12":"product_tag-pelo-sano","13":"product_tag-prevencion-de-lesiones","14":"product_tag-suplemento-de-msm","15":"desktop-align-left","16":"tablet-align-left","17":"mobile-align-left","18":"ast-product-gallery-layout-first-image-large","19":"ast-product-tabs-layout-horizontal","20":"ast-qv-on-image","22":"first","23":"instock","24":"taxable","25":"shipping-taxable","26":"purchasable","27":"product-type-simple"},"_links":{"self":[{"href":"https:\/\/k9goldlabel.com\/es\/wp-json\/wp\/v2\/product\/3587","targetHints":{"allow":["GET"]}}],"collection":[{"href":"https:\/\/k9goldlabel.com\/es\/wp-json\/wp\/v2\/product"}],"about":[{"href":"https:\/\/k9goldlabel.com\/es\/wp-json\/wp\/v2\/types\/product"}],"replies":[{"embeddable":true,"href":"https:\/\/k9goldlabel.com\/es\/wp-json\/wp\/v2\/comments?post=3587"}],"wp:featuredmedia":[{"embeddable":true,"href":"https:\/\/k9goldlabel.com\/es\/wp-json\/wp\/v2\/media\/3237"}],"wp:attachment":[{"href":"https:\/\/k9goldlabel.com\/es\/wp-json\/wp\/v2\/media?parent=3587"}],"wp:term":[{"taxonomy":"product_brand","embeddable":true,"href":"https:\/\/k9goldlabel.com\/es\/wp-json\/wp\/v2\/product_brand?post=3587"},{"taxonomy":"product_cat","embeddable":true,"href":"https:\/\/k9goldlabel.com\/es\/wp-json\/wp\/v2\/product_cat?post=3587"},{"taxonomy":"product_tag","embeddable":true,"href":"https:\/\/k9goldlabel.com\/es\/wp-json\/wp\/v2\/product_tag?post=3587"}],"curies":[{"name":"wp","href":"https:\/\/api.w.org\/{rel}","templated":true}]}}