{"id":3600,"date":"2024-03-20T15:34:53","date_gmt":"2024-03-20T15:34:53","guid":{"rendered":"https:\/\/k9goldlabel.com\/product\/aquakefir\/"},"modified":"2024-10-22T10:41:34","modified_gmt":"2024-10-22T10:41:34","slug":"aquakefir","status":"publish","type":"product","link":"https:\/\/k9goldlabel.com\/es\/producto\/aquakefir\/","title":{"rendered":"Aquakefir"},"content":{"rendered":"<h2><strong>AquaKefir para perros: Un est\u00edmulo natural para la salud<\/strong><\/h2>\n<p>AquaKefir para perros es un complemento nutritivo para la dieta de tu fiel compa\u00f1ero, adecuado para perros alimentados con carne cruda (BARF) o comida seca. Ofrece un impulso refrescante con probi\u00f3ticos naturales para apoyar al organismo y tiene un efecto beneficioso sobre el est\u00f3mago y los intestinos.<\/p>\n<p>K9goldlabel utiliza ingredientes ecol\u00f3gicos para garantizar la m\u00e1xima calidad en cada botella de AquaKefir. Nuestro AquaKefir se presenta en una pr\u00e1ctica botella de 1 litro, con una bomba dosificadora para dosificarlo f\u00e1cilmente.<\/p>\n<h3><strong>Ingredientes:<\/strong><\/h3>\n<p>Agua, higos secados al sol, lim\u00f3n, fermento vivo (agricultura biodin\u00e1mica controlada), sin aditivos y no pasteurizado.<\/p>\n<h3><strong>Valor nutritivo por raci\u00f3n:<\/strong><\/h3>\n<p>Energ\u00eda: 18,5 kj, Grasa  &lt;0,1 g, Grasas saturadas  &lt;0,1 g, Hidratos de carbono 1,05 g, Az\u00facares  &lt;0,2 g, Prote\u00edna 0,1 g, Sal  &lt;0,01g.<\/p>\n<h3><strong>Dosificaci\u00f3n:<\/strong><\/h3>\n<ul>\n<li>1 vez al d\u00eda sobre la comida<\/li>\n<li>Perro peque\u00f1o: 2 bombas<\/li>\n<li>Perro mediano: 4 bombas<\/li>\n<li>Perro grande: de 6 a 8 bombas<\/li>\n<li>Para molestias intestinales inmediatas: dosis doble<\/li>\n<\/ul>\n<p>Una vez abierto, gu\u00e1rdalo en el frigor\u00edfico para mantenerlo fresco.<\/p>\n<h3><strong>\u00bfQu\u00e9 es el AquaKefir?<\/strong><\/h3>\n<p>El AquaKefir es una bebida fermentada originaria de las monta\u00f1as del C\u00e1ucaso. Contiene una mezcla \u00fanica de bacterias y levaduras, como Lactobacillus delbrueckii subsp. bulgaricus, Saccharomyces cerevisiae y Streptococcus thermophilus, que trabajan juntos para favorecer la flora intestinal y combatir posibles pat\u00f3genos.<\/p>\n<h3><strong>Beneficios para los perros:<\/strong><\/h3>\n<ul>\n<li>Favorece la salud gastrointestinal y ayuda a mantener la flora intestinal.<\/li>\n<li>Potencial efecto anticancer\u00edgeno por su capacidad para prevenir tumores y activar el sistema inmunitario.<\/li>\n<li>Estimula el sistema inmunitario y favorece una resistencia sana a las enfermedades.<\/li>\n<\/ul>\n<p>Al igual que en los humanos, los beneficios del AquaKefir para la salud de los perros pueden ser importantes, aunque a\u00fan no se han comprobado cient\u00edficamente en su totalidad. No obstante, el AquaKefir ofrece un complemento natural y nutritivo a la dieta de tu perro que puede contribuir a su salud y bienestar generales.<\/p>\n","protected":false},"excerpt":{"rendered":"<ul>\n<li><strong>Favorece la salud gastrointestinal<\/strong>: Ayuda a mantener equilibrada la flora intestinal.<\/li>\n<li><strong>Potencial anticancer\u00edgeno<\/strong>: Puede ayudar a prevenir tumores y activar el sistema inmunitario.<\/li>\n<li><strong>Estimula el sistema inmunitario<\/strong>: Aumenta la resistencia a las enfermedades.<\/li>\n<\/ul>\n","protected":false},"featured_media":3185,"comment_status":"open","ping_status":"closed","template":"","meta":{"site-sidebar-layout":"default","site-content-layout":"","ast-site-content-layout":"default","site-content-style":"default","site-sidebar-style":"default","ast-global-header-display":"","ast-banner-title-visibility":"","ast-main-header-display":"","ast-hfb-above-header-display":"","ast-hfb-below-header-display":"","ast-hfb-mobile-header-display":"","site-post-title":"","ast-breadcrumbs-content":"","ast-featured-img":"","footer-sml-layout":"","ast-disable-related-posts":"","theme-transparent-header-meta":"default","adv-header-id-meta":"","stick-header-meta":"default","header-above-stick-meta":"","header-main-stick-meta":"","header-below-stick-meta":"","astra-migrate-meta-layouts":"default","ast-page-background-enabled":"default","ast-page-background-meta":{"desktop":{"background-color":"var(--ast-global-color-4)","background-image":"","background-repeat":"repeat","background-position":"center center","background-size":"auto","background-attachment":"scroll","background-type":"","background-media":"","overlay-type":"","overlay-color":"","overlay-opacity":"","overlay-gradient":""},"tablet":{"background-color":"","background-image":"","background-repeat":"repeat","background-position":"center center","background-size":"auto","background-attachment":"scroll","background-type":"","background-media":"","overlay-type":"","overlay-color":"","overlay-opacity":"","overlay-gradient":""},"mobile":{"background-color":"","background-image":"","background-repeat":"repeat","background-position":"center center","background-size":"auto","background-attachment":"scroll","background-type":"","background-media":"","overlay-type":"","overlay-color":"","overlay-opacity":"","overlay-gradient":""}},"ast-content-background-meta":{"desktop":{"background-color":"var(--ast-global-color-5)","background-image":"","background-repeat":"repeat","background-position":"center center","background-size":"auto","background-attachment":"scroll","background-type":"","background-media":"","overlay-type":"","overlay-color":"","overlay-opacity":"","overlay-gradient":""},"tablet":{"background-color":"var(--ast-global-color-5)","background-image":"","background-repeat":"repeat","background-position":"center center","background-size":"auto","background-attachment":"scroll","background-type":"","background-media":"","overlay-type":"","overlay-color":"","overlay-opacity":"","overlay-gradient":""},"mobile":{"background-color":"var(--ast-global-color-5)","background-image":"","background-repeat":"repeat","background-position":"center center","background-size":"auto","background-attachment":"scroll","background-type":"","background-media":"","overlay-type":"","overlay-color":"","overlay-opacity":"","overlay-gradient":""}}},"product_brand":[],"product_cat":[133,138],"product_tag":[185,184,183],"class_list":{"0":"post-3600","1":"product","2":"type-product","3":"status-publish","4":"has-post-thumbnail","6":"product_cat-perros-de-bienestar-completo","7":"product_cat-perros-de-recuperacion","8":"product_tag-apoyo-a-la-inmunidad","9":"product_tag-flora-intestinal-sana","10":"product_tag-salud-gastrointestinal","11":"desktop-align-left","12":"tablet-align-left","13":"mobile-align-left","14":"ast-product-gallery-layout-first-image-large","15":"ast-product-gallery-with-no-image","16":"ast-product-tabs-layout-horizontal","17":"ast-qv-on-image","19":"first","20":"instock","21":"taxable","22":"shipping-taxable","23":"purchasable","24":"product-type-simple"},"_links":{"self":[{"href":"https:\/\/k9goldlabel.com\/es\/wp-json\/wp\/v2\/product\/3600","targetHints":{"allow":["GET"]}}],"collection":[{"href":"https:\/\/k9goldlabel.com\/es\/wp-json\/wp\/v2\/product"}],"about":[{"href":"https:\/\/k9goldlabel.com\/es\/wp-json\/wp\/v2\/types\/product"}],"replies":[{"embeddable":true,"href":"https:\/\/k9goldlabel.com\/es\/wp-json\/wp\/v2\/comments?post=3600"}],"wp:featuredmedia":[{"embeddable":true,"href":"https:\/\/k9goldlabel.com\/es\/wp-json\/wp\/v2\/media\/3185"}],"wp:attachment":[{"href":"https:\/\/k9goldlabel.com\/es\/wp-json\/wp\/v2\/media?parent=3600"}],"wp:term":[{"taxonomy":"product_brand","embeddable":true,"href":"https:\/\/k9goldlabel.com\/es\/wp-json\/wp\/v2\/product_brand?post=3600"},{"taxonomy":"product_cat","embeddable":true,"href":"https:\/\/k9goldlabel.com\/es\/wp-json\/wp\/v2\/product_cat?post=3600"},{"taxonomy":"product_tag","embeddable":true,"href":"https:\/\/k9goldlabel.com\/es\/wp-json\/wp\/v2\/product_tag?post=3600"}],"curies":[{"name":"wp","href":"https:\/\/api.w.org\/{rel}","templated":true}]}}