{"id":5293,"date":"2025-10-17T14:50:18","date_gmt":"2025-10-17T14:50:18","guid":{"rendered":"https:\/\/k9goldlabel.com\/product\/canamo-aceite\/"},"modified":"2025-10-17T14:50:18","modified_gmt":"2025-10-17T14:50:18","slug":"canamo-aceite","status":"publish","type":"product","link":"https:\/\/k9goldlabel.com\/es\/producto\/canamo-aceite\/","title":{"rendered":"C\u00e1\u00f1amo Aceite"},"content":{"rendered":"<h3 data-start=\"216\" data-end=\"281\">Aceite de c\u00e1\u00f1amo: favorece de forma natural la salud y la vitalidad<\/h3>\n<p data-start=\"282\" data-end=\"603\">El aceite de c\u00e1\u00f1amo de K9 Gold Label es un suplemento alimenticio puro, prensado en fr\u00edo, que contribuye al bienestar de su perro. Rico en \u00e1cidos grasos esenciales, favorece un pelaje brillante, una piel sana y unas articulaciones flexibles. Adem\u00e1s, puede ayudar a combatir el estr\u00e9s y la ansiedad, y reforzar el sistema inmunitario y la digesti\u00f3n.  <\/p>\n<h3 data-start=\"605\" data-end=\"637\">Ventajas del aceite de c\u00e1\u00f1amo:<\/h3>\n<ul data-start=\"638\" data-end=\"1022\">\n<li data-start=\"638\" data-end=\"740\">\n<p data-start=\"640\" data-end=\"740\"><strong data-start=\"640\" data-end=\"674\">Piel sana y brillante pelaje<\/strong>: Los \u00e1cidos grasos esenciales favorecen un brillante y sano pelaje.<\/p>\n<\/li>\n<li data-start=\"741\" data-end=\"823\">\n<p data-start=\"743\" data-end=\"823\"><strong data-start=\"743\" data-end=\"778\">Articulaciones flexibles y movilidad<\/strong>: Ayuda a los perros a mantenerse activos y flexibles.<\/p>\n<\/li>\n<li data-start=\"824\" data-end=\"919\">\n<p data-start=\"826\" data-end=\"919\"><strong data-start=\"826\" data-end=\"858\">Calmante en caso de estr\u00e9s y ansiedad<\/strong>: Favorece la relajaci\u00f3n en situaciones de agitaci\u00f3n o estr\u00e9s.<\/p>\n<\/li>\n<li data-start=\"920\" data-end=\"1022\">\n<p data-start=\"922\" data-end=\"1022\"><strong data-start=\"922\" data-end=\"968\">Favorece la digesti\u00f3n y el sistema inmunitario<\/strong>: Contribuye a una flora intestinal saludable y a la resistencia.<\/p>\n<\/li>\n<\/ul>\n<h3 data-start=\"1024\" data-end=\"1044\">Composici\u00f3n:<\/h3>\n<ul data-start=\"1045\" data-end=\"1123\">\n<li data-start=\"1045\" data-end=\"1078\">\n<p data-start=\"1047\" data-end=\"1078\">100 % prensado en fr\u00edo c\u00e1\u00f1amo aceite<\/p>\n<\/li>\n<li data-start=\"1079\" data-end=\"1123\">\n<p data-start=\"1081\" data-end=\"1123\">Completo natural, sin aditivos<\/p>\n<\/li>\n<\/ul>\n<h3 data-start=\"1125\" data-end=\"1150\">Instrucciones de uso:<\/h3>\n<p data-start=\"1151\" data-end=\"1186\">Diariamente a\u00f1adir al pienso:<\/p>\n<ul data-start=\"1187\" data-end=\"1279\">\n<li data-start=\"1187\" data-end=\"1217\">\n<p data-start=\"1189\" data-end=\"1217\">&lt;10 kg: 2,5 ml (1 pulsaciones)<\/p>\n<\/li>\n<li data-start=\"1218\" data-end=\"1248\">\n<p data-start=\"1220\" data-end=\"1248\">10-25 kg: 5 ml (2 pulsaciones)<\/p>\n<\/li>\n<li data-start=\"1249\" data-end=\"1279\">\n<blockquote data-start=\"1251\" data-end=\"1279\">\n<p data-start=\"1252\" data-end=\"1279\">25 kg: 7,5 ml (3 pulsaciones)<\/p>\n<\/blockquote>\n<\/li>\n<\/ul>\n<h3 data-start=\"1281\" data-end=\"1300\">Consejos de conservaci\u00f3n:<\/h3>\n<ul data-start=\"1301\" data-end=\"1370\">\n<li data-start=\"1301\" data-end=\"1341\">\n<p data-start=\"1303\" data-end=\"1341\">En un lugar fresco, oscuro almacenar conservar<\/p>\n<\/li>\n<li data-start=\"1342\" data-end=\"1370\">\n<p data-start=\"1344\" data-end=\"1370\">Despu\u00e9s de abrir bien cerrar<\/p>\n<\/li>\n<\/ul>\n<p data-start=\"1372\" data-end=\"1522\">C\u00e1\u00f1amo Aceite de K9 Gold Label est\u00e1 disponible en un pr\u00e1ctico envase de 500 ml , ideal para uso diario y un a14&gt; impulso natural para su perro.<\/p>\n","protected":false},"excerpt":{"rendered":"<ul>\n<li data-start=\"208\" data-end=\"312\">\n<p data-start=\"210\" data-end=\"312\"><strong data-start=\"210\" data-end=\"244\">Piel sana y brillante pelaje<\/strong>: Los \u00e1cidos grasos esenciales contribuyen a mantener un pelaje brillante y sano.<\/p>\n<\/li>\n<li data-start=\"313\" data-end=\"395\">\n<p data-start=\"315\" data-end=\"395\"><strong data-start=\"315\" data-end=\"350\">Articulaciones flexibles y movilidad<\/strong>: Ayuda a los perros a mantenerse activos y flexibles.<\/p>\n<\/li>\n<li data-start=\"396\" data-end=\"476\">\n<p data-start=\"398\" data-end=\"476\"><strong data-start=\"398\" data-end=\"430\">Calmante en caso de estr\u00e9s y ansiedad<\/strong>: Favorece la relajaci\u00f3n en situaciones de estr\u00e9s.<\/p>\n<\/li>\n<li data-start=\"477\" data-end=\"579\">\n<p data-start=\"479\" data-end=\"579\"><strong data-start=\"479\" data-end=\"525\">Favorece la digesti\u00f3n y el sistema inmunitario<\/strong>: Contribuye a una flora intestinal saludable y a la resistencia.<\/p>\n<\/li>\n<li data-start=\"580\" data-end=\"681\">\n<p data-start=\"582\" data-end=\"681\"><strong data-start=\"582\" data-end=\"619\">F\u00e1cil diario para a\u00f1adir<\/strong>: Mezclar directamente con la comida, apto para todos los tama\u00f1os de perros.<\/p>\n<\/li>\n<\/ul>\n","protected":false},"featured_media":4831,"comment_status":"open","ping_status":"closed","template":"","meta":{"site-sidebar-layout":"default","site-content-layout":"","ast-site-content-layout":"default","site-content-style":"default","site-sidebar-style":"default","ast-global-header-display":"","ast-banner-title-visibility":"","ast-main-header-display":"","ast-hfb-above-header-display":"","ast-hfb-below-header-display":"","ast-hfb-mobile-header-display":"","site-post-title":"","ast-breadcrumbs-content":"","ast-featured-img":"","footer-sml-layout":"","ast-disable-related-posts":"","theme-transparent-header-meta":"default","adv-header-id-meta":"","stick-header-meta":"default","header-above-stick-meta":"","header-main-stick-meta":"","header-below-stick-meta":"","astra-migrate-meta-layouts":"default","ast-page-background-enabled":"default","ast-page-background-meta":{"desktop":{"background-color":"var(--ast-global-color-4)","background-image":"","background-repeat":"repeat","background-position":"center center","background-size":"auto","background-attachment":"scroll","background-type":"","background-media":"","overlay-type":"","overlay-color":"","overlay-opacity":"","overlay-gradient":""},"tablet":{"background-color":"","background-image":"","background-repeat":"repeat","background-position":"center center","background-size":"auto","background-attachment":"scroll","background-type":"","background-media":"","overlay-type":"","overlay-color":"","overlay-opacity":"","overlay-gradient":""},"mobile":{"background-color":"","background-image":"","background-repeat":"repeat","background-position":"center center","background-size":"auto","background-attachment":"scroll","background-type":"","background-media":"","overlay-type":"","overlay-color":"","overlay-opacity":"","overlay-gradient":""}},"ast-content-background-meta":{"desktop":{"background-color":"var(--ast-global-color-5)","background-image":"","background-repeat":"repeat","background-position":"center center","background-size":"auto","background-attachment":"scroll","background-type":"","background-media":"","overlay-type":"","overlay-color":"","overlay-opacity":"","overlay-gradient":""},"tablet":{"background-color":"var(--ast-global-color-5)","background-image":"","background-repeat":"repeat","background-position":"center center","background-size":"auto","background-attachment":"scroll","background-type":"","background-media":"","overlay-type":"","overlay-color":"","overlay-opacity":"","overlay-gradient":""},"mobile":{"background-color":"var(--ast-global-color-5)","background-image":"","background-repeat":"repeat","background-position":"center center","background-size":"auto","background-attachment":"scroll","background-type":"","background-media":"","overlay-type":"","overlay-color":"","overlay-opacity":"","overlay-gradient":""}}},"product_brand":[],"product_cat":[135,133,138],"product_tag":[283,281,282,285,284],"class_list":{"0":"post-5293","1":"product","2":"type-product","3":"status-publish","4":"has-post-thumbnail","6":"product_cat-articulaciones-perros","7":"product_cat-perros-de-bienestar-completo","8":"product_cat-perros-de-recuperacion","9":"product_tag-abrigo-brillante","10":"product_tag-cuidado-dental-del-perro","11":"product_tag-digestion-canina","12":"product_tag-perros-con-pigmentacion","13":"product_tag-placa-dental-perros","14":"desktop-align-left","15":"tablet-align-left","16":"mobile-align-left","17":"ast-product-gallery-layout-first-image-large","18":"ast-product-tabs-layout-horizontal","19":"ast-qv-on-image","21":"first","22":"instock","23":"featured","24":"taxable","25":"shipping-taxable","26":"purchasable","27":"product-type-simple"},"_links":{"self":[{"href":"https:\/\/k9goldlabel.com\/es\/wp-json\/wp\/v2\/product\/5293","targetHints":{"allow":["GET"]}}],"collection":[{"href":"https:\/\/k9goldlabel.com\/es\/wp-json\/wp\/v2\/product"}],"about":[{"href":"https:\/\/k9goldlabel.com\/es\/wp-json\/wp\/v2\/types\/product"}],"replies":[{"embeddable":true,"href":"https:\/\/k9goldlabel.com\/es\/wp-json\/wp\/v2\/comments?post=5293"}],"wp:featuredmedia":[{"embeddable":true,"href":"https:\/\/k9goldlabel.com\/es\/wp-json\/wp\/v2\/media\/4831"}],"wp:attachment":[{"href":"https:\/\/k9goldlabel.com\/es\/wp-json\/wp\/v2\/media?parent=5293"}],"wp:term":[{"taxonomy":"product_brand","embeddable":true,"href":"https:\/\/k9goldlabel.com\/es\/wp-json\/wp\/v2\/product_brand?post=5293"},{"taxonomy":"product_cat","embeddable":true,"href":"https:\/\/k9goldlabel.com\/es\/wp-json\/wp\/v2\/product_cat?post=5293"},{"taxonomy":"product_tag","embeddable":true,"href":"https:\/\/k9goldlabel.com\/es\/wp-json\/wp\/v2\/product_tag?post=5293"}],"curies":[{"name":"wp","href":"https:\/\/api.w.org\/{rel}","templated":true}]}}