{"id":5297,"date":"2025-10-17T14:24:47","date_gmt":"2025-10-17T14:24:47","guid":{"rendered":"https:\/\/k9goldlabel.com\/product\/aceite-de-cbd-al-5\/"},"modified":"2025-10-17T14:24:47","modified_gmt":"2025-10-17T14:24:47","slug":"aceite-de-cbd-al-5","status":"publish","type":"product","link":"https:\/\/k9goldlabel.com\/es\/producto\/aceite-de-cbd-al-5\/","title":{"rendered":"Aceite de CBD al 5 %"},"content":{"rendered":"<h3><strong>Aceite CBD 5 % de K9 Gold Label: equilibrio natural para el cuerpo y la mente<\/strong><\/h3>\n<p>El aceite CBD 5 % de K9 Gold Label ha sido desarrollado especialmente para perros que necesitan un apoyo adicional en caso de estr\u00e9s, tensi\u00f3n o rigidez. Este aceite de alta calidad contiene un extracto puro de c\u00e1\u00f1amo, rico en cannabinoides naturales (CBD, CBG y CBC), que contribuyen a la salud del sistema nervioso y a la flexibilidad de las articulaciones. <\/p>\n<p>Gracias a su suave efecto, este aceite es adecuado para el uso diario, tanto en perros mayores que se mueven con cierta rigidez como en perros j\u00f3venes y activos que se benefician de la relajaci\u00f3n despu\u00e9s del esfuerzo o de momentos de mucha actividad.<\/p>\n<p>K9 Gold Label utiliza exclusivamente <strong>aceite de semillas de c\u00e1\u00f1amo prensado en fr\u00edo<\/strong> como base, de modo que se conservan todos los \u00e1cidos grasos esenciales. Esto hace que nuestro aceite de CBD no solo sea eficaz, sino tambi\u00e9n nutritivo y totalmente natural. <\/p>\n<h3><strong>Ingredientes<\/strong><\/h3>\n<ul>\n<li>Extracto de c\u00e1\u00f1amo (CBD, CBG, CBC, &lt;0,2 % THC) \u2014 5 %<\/li>\n<li>Aceite de semillas de c\u00e1\u00f1amo prensado en fr\u00edo<\/li>\n<\/ul>\n<p>Nuestro aceite de CBD no contiene <strong style=\"font-size: 16px\">aditivos artificiales<\/strong><span style=\"font-size: 16px\"> ni conservantes.<\/span><\/p>\n<h3><strong>Dosis<\/strong><\/h3>\n<p>1 gota = 2,5 mg CBD<\/p>\n<ul>\n<li>&lt; 5 kg: 1 gota, 1-2 veces al d\u00eda<\/li>\n<li>5-15 kg: 2-3 gotas, 1-2 veces al d\u00eda.<\/li>\n<li>15-30 kg: 3-5 gotas, 1-2 veces al d\u00eda<\/li>\n<li>30 kg: 5-8 gotas, 1-2 veces al d\u00eda.<\/li>\n<\/ul>\n<p>Comience con una dosis baja y aum\u00e9ntela gradualmente. No utilizar durante la gestaci\u00f3n o lactancia sin consejo veterinario.<\/p>\n<h3><strong>\u00bfQu\u00e9 es el aceite de CBD?<\/strong><\/h3>\n<p>El CBD (cannabidiol) es una sustancia natural que se obtiene de la planta del c\u00e1\u00f1amo. A diferencia del THC, el CBD <g id=\"gid_0\">no es psicoactivo<\/g>, por lo que no provocar\u00e1 que su perro se \u00abcoloque\u00bb. El CBD interact\u00faa con el sistema endocannabinoide, que ayuda a mantener el equilibrio del organismo.  <\/p>\n<p>En los perros, este sistema puede contribuir a <strong>la relajaci\u00f3n, flexibilidad articular, una digesti\u00f3n saludable digesti\u00f3n<\/strong> y una sensaci\u00f3n general de bienestar.<\/p>\n<h3><strong>Beneficios para los perros<\/strong><\/h3>\n<ul>\n<li>Apoya las articulaciones y los m\u00fasculos en las actividades diarias actividad.<\/li>\n<li>Favorece la paz interior y ayuda en situaciones estresantes (como los fuegos artificiales o los viajes).<\/li>\n<li>Refuerza el sistema inmunitario natural y la vitalidad general.<\/li>\n<li>Totalmente vegetal y sin aditivos artificiales.<\/li>\n<\/ul>\n<p>Aunque a\u00fan se est\u00e1 investigando el efecto del CBD en los perros, muchas experiencias indican que es un <strong>complemento natural y seguro<\/strong> para una dieta saludable y un estilo de vida activo.<\/p>\n<h3><strong>Consejos de conservaci\u00f3n<\/strong><\/h3>\n<p>Fresco, oscuro y seco almacenar.<br \/>\nFuera del alcance de los ni\u00f1os mantener.<br \/>\nSolo para uso animal.<\/p>\n<h3><strong>K9 Gold Label \u2013 Natural bienestar para tu perro<\/strong><\/h3>\n<p>En K9 Gold Label creemos en el poder de los <strong>ingredientes naturales<\/strong> para favorecer el bienestar de los perros. Nuestros suplementos se producen con esmero, se someten a pruebas de calidad y se envasan prestando especial atenci\u00f3n al animal y a la naturaleza. <\/p>\n<p>Descubra el equilibrio desde dentro \u2014 con CBD Aceite 5 % de K9 Gold Label.<\/p>\n","protected":false},"excerpt":{"rendered":"<ul>\n<li><strong>Favorece las articulaciones:<\/strong> Ayuda a mantener la flexibilidad y la movilidad.<\/li>\n<li><strong>Favorece la relajaci\u00f3n:<\/strong> Contribuye a la tranquilidad en situaciones estresantes.<\/li>\n<li><strong>Aumenta la resistencia:<\/strong> Refuerza el sistema inmunitario natural de su perro.<\/li>\n<\/ul>\n","protected":false},"featured_media":4836,"comment_status":"open","ping_status":"closed","template":"","meta":{"site-sidebar-layout":"default","site-content-layout":"","ast-site-content-layout":"default","site-content-style":"default","site-sidebar-style":"default","ast-global-header-display":"","ast-banner-title-visibility":"","ast-main-header-display":"","ast-hfb-above-header-display":"","ast-hfb-below-header-display":"","ast-hfb-mobile-header-display":"","site-post-title":"","ast-breadcrumbs-content":"","ast-featured-img":"","footer-sml-layout":"","ast-disable-related-posts":"","theme-transparent-header-meta":"default","adv-header-id-meta":"","stick-header-meta":"default","header-above-stick-meta":"","header-main-stick-meta":"","header-below-stick-meta":"","astra-migrate-meta-layouts":"default","ast-page-background-enabled":"default","ast-page-background-meta":{"desktop":{"background-color":"var(--ast-global-color-4)","background-image":"","background-repeat":"repeat","background-position":"center center","background-size":"auto","background-attachment":"scroll","background-type":"","background-media":"","overlay-type":"","overlay-color":"","overlay-opacity":"","overlay-gradient":""},"tablet":{"background-color":"","background-image":"","background-repeat":"repeat","background-position":"center center","background-size":"auto","background-attachment":"scroll","background-type":"","background-media":"","overlay-type":"","overlay-color":"","overlay-opacity":"","overlay-gradient":""},"mobile":{"background-color":"","background-image":"","background-repeat":"repeat","background-position":"center center","background-size":"auto","background-attachment":"scroll","background-type":"","background-media":"","overlay-type":"","overlay-color":"","overlay-opacity":"","overlay-gradient":""}},"ast-content-background-meta":{"desktop":{"background-color":"var(--ast-global-color-5)","background-image":"","background-repeat":"repeat","background-position":"center center","background-size":"auto","background-attachment":"scroll","background-type":"","background-media":"","overlay-type":"","overlay-color":"","overlay-opacity":"","overlay-gradient":""},"tablet":{"background-color":"var(--ast-global-color-5)","background-image":"","background-repeat":"repeat","background-position":"center center","background-size":"auto","background-attachment":"scroll","background-type":"","background-media":"","overlay-type":"","overlay-color":"","overlay-opacity":"","overlay-gradient":""},"mobile":{"background-color":"var(--ast-global-color-5)","background-image":"","background-repeat":"repeat","background-position":"center center","background-size":"auto","background-attachment":"scroll","background-type":"","background-media":"","overlay-type":"","overlay-color":"","overlay-opacity":"","overlay-gradient":""}}},"product_brand":[],"product_cat":[135,133,138],"product_tag":[283,300,301,302],"class_list":{"0":"post-5297","1":"product","2":"type-product","3":"status-publish","4":"has-post-thumbnail","6":"product_cat-articulaciones-perros","7":"product_cat-perros-de-bienestar-completo","8":"product_cat-perros-de-recuperacion","9":"product_tag-abrigo-brillante","10":"product_tag-articulaciones","11":"product_tag-mayor-resistencia","12":"product_tag-sistema-inmunologico-perros","13":"desktop-align-left","14":"tablet-align-left","15":"mobile-align-left","16":"ast-product-gallery-layout-first-image-large","17":"ast-product-gallery-with-no-image","18":"ast-product-tabs-layout-horizontal","19":"ast-qv-on-image","21":"first","22":"instock","23":"featured","24":"taxable","25":"shipping-taxable","26":"purchasable","27":"product-type-simple"},"_links":{"self":[{"href":"https:\/\/k9goldlabel.com\/es\/wp-json\/wp\/v2\/product\/5297","targetHints":{"allow":["GET"]}}],"collection":[{"href":"https:\/\/k9goldlabel.com\/es\/wp-json\/wp\/v2\/product"}],"about":[{"href":"https:\/\/k9goldlabel.com\/es\/wp-json\/wp\/v2\/types\/product"}],"replies":[{"embeddable":true,"href":"https:\/\/k9goldlabel.com\/es\/wp-json\/wp\/v2\/comments?post=5297"}],"wp:featuredmedia":[{"embeddable":true,"href":"https:\/\/k9goldlabel.com\/es\/wp-json\/wp\/v2\/media\/4836"}],"wp:attachment":[{"href":"https:\/\/k9goldlabel.com\/es\/wp-json\/wp\/v2\/media?parent=5297"}],"wp:term":[{"taxonomy":"product_brand","embeddable":true,"href":"https:\/\/k9goldlabel.com\/es\/wp-json\/wp\/v2\/product_brand?post=5297"},{"taxonomy":"product_cat","embeddable":true,"href":"https:\/\/k9goldlabel.com\/es\/wp-json\/wp\/v2\/product_cat?post=5297"},{"taxonomy":"product_tag","embeddable":true,"href":"https:\/\/k9goldlabel.com\/es\/wp-json\/wp\/v2\/product_tag?post=5297"}],"curies":[{"name":"wp","href":"https:\/\/api.w.org\/{rel}","templated":true}]}}